{"id":2787,"date":"2021-08-26T16:37:50","date_gmt":"2021-08-26T20:37:50","guid":{"rendered":"https:\/\/www.ndghockey.com\/?page_id=2787"},"modified":"2024-09-09T22:09:18","modified_gmt":"2024-09-10T02:09:18","slug":"a-propos","status":"publish","type":"page","link":"https:\/\/www.ndghockey.com\/fr\/a-propos\/","title":{"rendered":"A propos"},"content":{"rendered":"\n\t\t<div id=\"fws_6a09b47c65b95\"  data-column-margin=\"default\" data-midnight=\"dark\"  class=\"wpb_row vc_row-fluid vc_row\"  style=\"padding-top: 0px; padding-bottom: 0px; \"><div class=\"row-bg-wrap\" data-bg-animation=\"none\" data-bg-animation-delay=\"\" data-bg-overlay=\"false\"><div class=\"inner-wrap row-bg-layer\" ><div class=\"row-bg viewport-desktop\"  style=\"\"><\/div><\/div><\/div><div class=\"row_col_wrap_12 col span_12 dark left\">\n\t<div  class=\"vc_col-sm-6 wpb_column column_container vc_column_container col no-extra-padding inherit_tablet inherit_phone \"  data-padding-pos=\"all\" data-has-bg-color=\"false\" data-bg-color=\"\" data-bg-opacity=\"1\" data-animation=\"\" data-delay=\"0\" >\n\t\t<div class=\"vc_column-inner\" >\n\t\t\t<div class=\"wpb_wrapper\">\n\t\t\t\t\n<div class=\"wpb_text_column wpb_content_element  vc_custom_1630190545450\" >\n\t<div class=\"wpb_wrapper\">\n\t\t<p><img loading=\"lazy\" decoding=\"async\" class=\"alignleft size-medium wp-image-2789\" src=\"https:\/\/www.ndghockey.com\/wp-content\/uploads\/2020\/08\/doug-harvey-ndg-hockey-178x300.png\" alt=\"\" width=\"178\" height=\"300\" srcset=\"https:\/\/www.ndghockey.com\/wp-content\/uploads\/2020\/08\/doug-harvey-ndg-hockey-178x300.png 178w, https:\/\/www.ndghockey.com\/wp-content\/uploads\/2020\/08\/doug-harvey-ndg-hockey-600x1009.png 600w, https:\/\/www.ndghockey.com\/wp-content\/uploads\/2020\/08\/doug-harvey-ndg-hockey-609x1024.png 609w, https:\/\/www.ndghockey.com\/wp-content\/uploads\/2020\/08\/doug-harvey-ndg-hockey-76x128.png 76w, https:\/\/www.ndghockey.com\/wp-content\/uploads\/2020\/08\/doug-harvey-ndg-hockey-19x32.png 19w, https:\/\/www.ndghockey.com\/wp-content\/uploads\/2020\/08\/doug-harvey-ndg-hockey-58x98.png 58w, https:\/\/www.ndghockey.com\/wp-content\/uploads\/2020\/08\/doug-harvey-ndg-hockey.png 704w\" sizes=\"auto, (max-width: 178px) 100vw, 178px\" \/>NDG Hockey a commenc\u00e9 dans les ann\u00e9es 1930 en tant qu&#8217;association l\u00e2che de ligues de parcs g\u00e9r\u00e9es par la ville. Chaque parc local formait des \u00e9quipes, dont certaines appartenaient \u00e0 des ligues maison et d&#8217;autres jouaient les unes contre les autres. \u00c0 cette \u00e9poque, tout ce dont vous aviez besoin pour jouer au hockey \u00e9tait un b\u00e2ton, des patins et de vieux journaux enroul\u00e9s autour de vos jambes pour le rembourrage. Il n&#8217;y avait pas d&#8217;ar\u00e9nas int\u00e9rieurs dans la r\u00e9gion, donc la saison de hockey s&#8217;est pratiquement termin\u00e9e lorsque la neige a fondu. La ville a programm\u00e9 les matchs inter-parcs et les matchs de ligue maison des parcs individuels. Ce syst\u00e8me \u00e9tait en place jusqu&#8217;\u00e0 la construction de l&#8217;ar\u00e9na de la Conf\u00e9d\u00e9ration (maintenant l&#8217;ar\u00e9na Doug Harvey) en 1966. Pendant les six \u00e0 sept ann\u00e9es suivantes, le hockey a \u00e9t\u00e9 jou\u00e9 \u00e0 l&#8217;int\u00e9rieur et \u00e0 l&#8217;ext\u00e9rieur. En 1973, les associations locales de parcs se sont regroup\u00e9es et ont form\u00e9 l&#8217;Association sportive de NDG, qui deviendra plus tard le hockey mineur NDG. Cependant, chaque parc continuait \u00e0 g\u00e9rer ses propres \u00e9quipes. Ces ligues de parcs \u00e9taient \u00e9tonnamment grandes et certains des parcs individuels comptaient jusqu&#8217;\u00e0 400 participants jouant au hockey. La concurrence entre les parcs \u00e9tait f\u00e9roce.<\/p>\n<p>Ce n&#8217;est qu&#8217;en 1985 que les parcs ont commenc\u00e9 \u00e0 fusionner leurs \u00e9quipes afin d&#8217;assurer un \u00e9quilibre entre les \u00e9quipes et d&#8217;\u00eatre plus comp\u00e9titifs avec les \u00e9quipes d&#8217;autres parties de la ville. Les premi\u00e8res \u00e9quipes \u00e0 fusionner \u00e9taient les novices, qui \u00e9tait principalement une division d&#8217;instruction. Les Atomes les ont ensuite suivis et en 1990, toutes les \u00e9quipes du parc ont finalement \u00e9t\u00e9 fusionn\u00e9es dans l&#8217;Association de hockey mineur de NDG. Paul Carrier en a \u00e9t\u00e9 le premier pr\u00e9sident, puis, comme aujourd&#8217;hui, un groupe de b\u00e9n\u00e9voles d\u00e9vou\u00e9s a servi \u00e0 promouvoir la sc\u00e8ne locale du hockey. Parmi ces personnes, les plus \u00e9minents \u00e9taient Bill Hurst, Ernie Lidbetter, Norman Trudeau, Jim Slater, Franck Mack et Jack Wallace.<\/p>\n<h2>The Maroons et Double Letter Hockey<\/h2>\n<p>Au d\u00e9but des ann\u00e9es 1970, on estimait qu&#8217;il y avait suffisamment de talent au hockey \u00e0 NDG pour former des \u00e9quipes des AA et un groupe au sein de l&#8217;organisation de NDG a commenc\u00e9 \u00e0 travailler vers cet objectif. Le r\u00eave est devenu r\u00e9alit\u00e9 en 1974 avec la formation des l\u00e9gendaires Maroons. Dick Brady a \u00e9t\u00e9 le premier pr\u00e9sident des Maroons et Pierre Robin et Bill Hurst ont \u00e9t\u00e9 pr\u00e9sidents plus tard et tous deux ont \u00e9t\u00e9 activement impliqu\u00e9s dans le hockey double lettre. Les Maroons ont r\u00e9ussi \u00e0 la fois sur le plan comp\u00e9titif et dans le d\u00e9veloppement de joueurs. Certains comme Sergio Momesso, Brian Johnson, Bill Campbell, Gordon Donnelly et Steven Fletcher ont continu\u00e9 \u00e0 jouer dans la LNH, et plusieurs autres ont jou\u00e9 dans la LHJMQ et d&#8217;autres ligues. Les Maroons \u00e9taient &#8220;sp\u00e9ciaux&#8221; et il y avait beaucoup de fiert\u00e9 et d&#8217;esprit dans ces premi\u00e8res \u00e9quipes. Mais, en 1981, le gouvernement provincial d\u00e9cr\u00e8te, dans une r\u00e9organisation g\u00e9n\u00e9rale, que les Maroons devraient fusionner avec les Hurricanes de Ville-\u00c9mard pour former une nouvelle \u00e9quipe, les Hurons, nom de compromis du \u00ab Hur \u00bb des Hurricanes et des Hurricanes. \u00ab\u00a0on\u00a0\u00bb des Marrons. Une nouvelle organisation a \u00e9t\u00e9 form\u00e9e pour administrer les \u00e9quipes et la participation de NDG au hockey double lettre a connu un lent d\u00e9clin. De moins en moins de joueurs de NDG se sont lanc\u00e9s dans le hockey double lettre. Au d\u00e9but des ann\u00e9es 1990, sous la pr\u00e9sidence de Larry Galletti, les membres de l&#8217;Association de hockey mineur de NDG, dont plusieurs ex-Maroons, ont d\u00e9cid\u00e9 de revitaliser le hockey double lettre \u00e0 NDG. Plus de joueurs \u00e9taient maintenant envoy\u00e9s aux camps d&#8217;essai double lettre et des b\u00e9n\u00e9voles de notre r\u00e9gion ont commenc\u00e9 \u00e0 participer aux comit\u00e9s de hockey de la zone 1. L&#8217;organisation des Hurons a \u00e9t\u00e9 r\u00e9organis\u00e9e en 1996 avec la pleine participation de NDG Hockey. NDG est fier et heureux d&#8217;\u00eatre un partenaire solide et \u00e9gal au sein de l&#8217;organisation des Hurricanes.<\/p>\n\t<\/div>\n<\/div>\n\n\n\n\n\t\t\t<\/div> \n\t\t<\/div>\n\t<\/div> \n\n\t<div  class=\"vc_col-sm-6 wpb_column column_container vc_column_container col no-extra-padding inherit_tablet inherit_phone \"  data-padding-pos=\"all\" data-has-bg-color=\"false\" data-bg-color=\"\" data-bg-opacity=\"1\" data-animation=\"\" data-delay=\"0\" >\n\t\t<div class=\"vc_column-inner\" >\n\t\t\t<div class=\"wpb_wrapper\">\n\t\t\t\t\n<div class=\"wpb_text_column wpb_content_element  vc_custom_1630190668459\" >\n\t<div class=\"wpb_wrapper\">\n\t\t<h2>Au cours des derni\u00e8res ann\u00e9es, l&#8217;Association de hockey mineur NDG a :<\/h2>\n<ul>\n<li>promu et impliqu\u00e9 ses entra\u00eeneurs \u00e0 tous les niveaux de hockey double lettre<\/li>\n<li>a int\u00e9gr\u00e9 le secteur C\u00f4te-des-Neiges au hockey mineur NDG en 1995<br \/>\ncontribu\u00e9 au d\u00e9veloppement du hockey f\u00e9minin<\/li>\n<li>organis\u00e9 le tournoi de hockey novice NDG qui a maintenant le statut provincial<\/li>\n<li>vu la cr\u00e9ation d&#8217;une \u00e9cole de hockey, dirig\u00e9e \u00e0 l&#8217;origine par des b\u00e9n\u00e9voles, devenir l&#8217;\u00e9cole de hockey Rapid Reaction qui est aujourd&#8217;hui dirig\u00e9e par Greg Orsini.<\/li>\n<\/ul>\n<p>En r\u00e9sum\u00e9, le hockey mineur NDG compte aujourd&#8217;hui environ 800 gar\u00e7ons et filles, de toutes les communaut\u00e9s culturelles du Qu\u00e9bec, qui jouent au hockey, des rangs pr\u00e9-novices aux rangs juniors. C&#8217;est l&#8217;une des plus grandes associations de hockey au Qu\u00e9bec et c&#8217;est une association dont tout le monde peut \u00eatre fier.<\/p>\n\t<\/div>\n<\/div>\n\n\n\n\n\t\t\t<\/div> \n\t\t<\/div>\n\t<\/div> \n<\/div><\/div>\n","protected":false},"excerpt":{"rendered":"NDG Hockey a commenc\u00e9 dans les ann\u00e9es 1930 en tant qu'association l\u00e2che de ligues de parcs g\u00e9r\u00e9es par la ville. Chaque parc local formait des \u00e9quipes, dont certaines appartenaient \u00e0...","protected":false},"author":1,"featured_media":0,"parent":0,"menu_order":0,"comment_status":"closed","ping_status":"closed","template":"","meta":{"footnotes":""},"class_list":["post-2787","page","type-page","status-publish"],"yoast_head":"<!-- This site is optimized with the Yoast SEO plugin v27.6 - https:\/\/yoast.com\/product\/yoast-seo-wordpress\/ -->\n<title>A propos - NDG Hockey League<\/title>\n<meta name=\"robots\" content=\"index, follow, max-snippet:-1, max-image-preview:large, max-video-preview:-1\" \/>\n<link rel=\"canonical\" href=\"https:\/\/www.ndghockey.com\/fr\/a-propos\/\" \/>\n<meta property=\"og:locale\" content=\"fr_FR\" \/>\n<meta property=\"og:type\" content=\"article\" \/>\n<meta property=\"og:title\" content=\"A propos - NDG Hockey League\" \/>\n<meta property=\"og:url\" content=\"https:\/\/www.ndghockey.com\/fr\/a-propos\/\" \/>\n<meta property=\"og:site_name\" content=\"NDG Hockey League\" \/>\n<meta property=\"article:modified_time\" content=\"2024-09-10T02:09:18+00:00\" \/>\n<meta property=\"og:image\" content=\"https:\/\/www.ndghockey.com\/wp-content\/uploads\/2020\/08\/doug-harvey-ndg-hockey-178x300.png\" \/>\n<meta name=\"twitter:card\" content=\"summary_large_image\" \/>\n<meta name=\"twitter:label1\" content=\"Dur\u00e9e de lecture estim\u00e9e\" \/>\n\t<meta name=\"twitter:data1\" content=\"5 minutes\" \/>\n<script type=\"application\/ld+json\" class=\"yoast-schema-graph\">{\"@context\":\"https:\\\/\\\/schema.org\",\"@graph\":[{\"@type\":\"WebPage\",\"@id\":\"https:\\\/\\\/www.ndghockey.com\\\/fr\\\/a-propos\\\/\",\"url\":\"https:\\\/\\\/www.ndghockey.com\\\/fr\\\/a-propos\\\/\",\"name\":\"A propos - NDG Hockey League\",\"isPartOf\":{\"@id\":\"https:\\\/\\\/www.ndghockey.com\\\/fr\\\/#website\"},\"primaryImageOfPage\":{\"@id\":\"https:\\\/\\\/www.ndghockey.com\\\/fr\\\/a-propos\\\/#primaryimage\"},\"image\":{\"@id\":\"https:\\\/\\\/www.ndghockey.com\\\/fr\\\/a-propos\\\/#primaryimage\"},\"thumbnailUrl\":\"https:\\\/\\\/www.ndghockey.com\\\/wp-content\\\/uploads\\\/2020\\\/08\\\/doug-harvey-ndg-hockey-178x300.png\",\"datePublished\":\"2021-08-26T20:37:50+00:00\",\"dateModified\":\"2024-09-10T02:09:18+00:00\",\"breadcrumb\":{\"@id\":\"https:\\\/\\\/www.ndghockey.com\\\/fr\\\/a-propos\\\/#breadcrumb\"},\"inLanguage\":\"fr-FR\",\"potentialAction\":[{\"@type\":\"ReadAction\",\"target\":[\"https:\\\/\\\/www.ndghockey.com\\\/fr\\\/a-propos\\\/\"]}]},{\"@type\":\"ImageObject\",\"inLanguage\":\"fr-FR\",\"@id\":\"https:\\\/\\\/www.ndghockey.com\\\/fr\\\/a-propos\\\/#primaryimage\",\"url\":\"https:\\\/\\\/www.ndghockey.com\\\/wp-content\\\/uploads\\\/2020\\\/08\\\/doug-harvey-ndg-hockey-178x300.png\",\"contentUrl\":\"https:\\\/\\\/www.ndghockey.com\\\/wp-content\\\/uploads\\\/2020\\\/08\\\/doug-harvey-ndg-hockey-178x300.png\"},{\"@type\":\"BreadcrumbList\",\"@id\":\"https:\\\/\\\/www.ndghockey.com\\\/fr\\\/a-propos\\\/#breadcrumb\",\"itemListElement\":[{\"@type\":\"ListItem\",\"position\":1,\"name\":\"Home\",\"item\":\"https:\\\/\\\/www.ndghockey.com\\\/fr\\\/\"},{\"@type\":\"ListItem\",\"position\":2,\"name\":\"A propos\"}]},{\"@type\":\"WebSite\",\"@id\":\"https:\\\/\\\/www.ndghockey.com\\\/fr\\\/#website\",\"url\":\"https:\\\/\\\/www.ndghockey.com\\\/fr\\\/\",\"name\":\"NDG Hockey League\",\"description\":\"NDG Hockey League\",\"potentialAction\":[{\"@type\":\"SearchAction\",\"target\":{\"@type\":\"EntryPoint\",\"urlTemplate\":\"https:\\\/\\\/www.ndghockey.com\\\/fr\\\/?s={search_term_string}\"},\"query-input\":{\"@type\":\"PropertyValueSpecification\",\"valueRequired\":true,\"valueName\":\"search_term_string\"}}],\"inLanguage\":\"fr-FR\"}]}<\/script>\n<!-- \/ Yoast SEO plugin. -->","yoast_head_json":{"title":"A propos - NDG Hockey League","robots":{"index":"index","follow":"follow","max-snippet":"max-snippet:-1","max-image-preview":"max-image-preview:large","max-video-preview":"max-video-preview:-1"},"canonical":"https:\/\/www.ndghockey.com\/fr\/a-propos\/","og_locale":"fr_FR","og_type":"article","og_title":"A propos - NDG Hockey League","og_url":"https:\/\/www.ndghockey.com\/fr\/a-propos\/","og_site_name":"NDG Hockey League","article_modified_time":"2024-09-10T02:09:18+00:00","og_image":[{"url":"https:\/\/www.ndghockey.com\/wp-content\/uploads\/2020\/08\/doug-harvey-ndg-hockey-178x300.png","type":"","width":"","height":""}],"twitter_card":"summary_large_image","twitter_misc":{"Dur\u00e9e de lecture estim\u00e9e":"5 minutes"},"schema":{"@context":"https:\/\/schema.org","@graph":[{"@type":"WebPage","@id":"https:\/\/www.ndghockey.com\/fr\/a-propos\/","url":"https:\/\/www.ndghockey.com\/fr\/a-propos\/","name":"A propos - NDG Hockey League","isPartOf":{"@id":"https:\/\/www.ndghockey.com\/fr\/#website"},"primaryImageOfPage":{"@id":"https:\/\/www.ndghockey.com\/fr\/a-propos\/#primaryimage"},"image":{"@id":"https:\/\/www.ndghockey.com\/fr\/a-propos\/#primaryimage"},"thumbnailUrl":"https:\/\/www.ndghockey.com\/wp-content\/uploads\/2020\/08\/doug-harvey-ndg-hockey-178x300.png","datePublished":"2021-08-26T20:37:50+00:00","dateModified":"2024-09-10T02:09:18+00:00","breadcrumb":{"@id":"https:\/\/www.ndghockey.com\/fr\/a-propos\/#breadcrumb"},"inLanguage":"fr-FR","potentialAction":[{"@type":"ReadAction","target":["https:\/\/www.ndghockey.com\/fr\/a-propos\/"]}]},{"@type":"ImageObject","inLanguage":"fr-FR","@id":"https:\/\/www.ndghockey.com\/fr\/a-propos\/#primaryimage","url":"https:\/\/www.ndghockey.com\/wp-content\/uploads\/2020\/08\/doug-harvey-ndg-hockey-178x300.png","contentUrl":"https:\/\/www.ndghockey.com\/wp-content\/uploads\/2020\/08\/doug-harvey-ndg-hockey-178x300.png"},{"@type":"BreadcrumbList","@id":"https:\/\/www.ndghockey.com\/fr\/a-propos\/#breadcrumb","itemListElement":[{"@type":"ListItem","position":1,"name":"Home","item":"https:\/\/www.ndghockey.com\/fr\/"},{"@type":"ListItem","position":2,"name":"A propos"}]},{"@type":"WebSite","@id":"https:\/\/www.ndghockey.com\/fr\/#website","url":"https:\/\/www.ndghockey.com\/fr\/","name":"NDG Hockey League","description":"NDG Hockey League","potentialAction":[{"@type":"SearchAction","target":{"@type":"EntryPoint","urlTemplate":"https:\/\/www.ndghockey.com\/fr\/?s={search_term_string}"},"query-input":{"@type":"PropertyValueSpecification","valueRequired":true,"valueName":"search_term_string"}}],"inLanguage":"fr-FR"}]}},"_links":{"self":[{"href":"https:\/\/www.ndghockey.com\/fr\/wp-json\/wp\/v2\/pages\/2787","targetHints":{"allow":["GET"]}}],"collection":[{"href":"https:\/\/www.ndghockey.com\/fr\/wp-json\/wp\/v2\/pages"}],"about":[{"href":"https:\/\/www.ndghockey.com\/fr\/wp-json\/wp\/v2\/types\/page"}],"author":[{"embeddable":true,"href":"https:\/\/www.ndghockey.com\/fr\/wp-json\/wp\/v2\/users\/1"}],"replies":[{"embeddable":true,"href":"https:\/\/www.ndghockey.com\/fr\/wp-json\/wp\/v2\/comments?post=2787"}],"version-history":[{"count":6,"href":"https:\/\/www.ndghockey.com\/fr\/wp-json\/wp\/v2\/pages\/2787\/revisions"}],"predecessor-version":[{"id":3932,"href":"https:\/\/www.ndghockey.com\/fr\/wp-json\/wp\/v2\/pages\/2787\/revisions\/3932"}],"wp:attachment":[{"href":"https:\/\/www.ndghockey.com\/fr\/wp-json\/wp\/v2\/media?parent=2787"}],"curies":[{"name":"wp","href":"https:\/\/api.w.org\/{rel}","templated":true}]}}