{"id":2803,"date":"2021-08-28T15:00:13","date_gmt":"2021-08-28T19:00:13","guid":{"rendered":"https:\/\/www.ndghockey.com\/?page_id=2803"},"modified":"2024-09-08T12:03:27","modified_gmt":"2024-09-08T16:03:27","slug":"arenas","status":"publish","type":"page","link":"https:\/\/www.ndghockey.com\/fr\/arenas\/","title":{"rendered":"Ar\u00e9nas"},"content":{"rendered":"\n\t\t<div id=\"fws_6a09b5e94dad3\"  data-column-margin=\"default\" data-midnight=\"dark\"  class=\"wpb_row vc_row-fluid vc_row\"  style=\"padding-top: 0px; padding-bottom: 0px; \"><div class=\"row-bg-wrap\" data-bg-animation=\"none\" data-bg-animation-delay=\"\" data-bg-overlay=\"false\"><div class=\"inner-wrap row-bg-layer\" ><div class=\"row-bg viewport-desktop\"  style=\"\"><\/div><\/div><\/div><div class=\"row_col_wrap_12 col span_12 dark left\">\n\t<div  class=\"vc_col-sm-12 wpb_column column_container vc_column_container col no-extra-padding inherit_tablet inherit_phone \"  data-padding-pos=\"all\" data-has-bg-color=\"false\" data-bg-color=\"\" data-bg-opacity=\"1\" data-animation=\"\" data-delay=\"0\" >\n\t\t<div class=\"vc_column-inner\" >\n\t\t\t<div class=\"wpb_wrapper\">\n\t\t\t\t<div class=\"divider-wrap\" data-alignment=\"default\"><div style=\"height: 40px;\" class=\"divider\"><\/div><\/div>\n\t\t\t<\/div> \n\t\t<\/div>\n\t<\/div> \n<\/div><\/div>\n\t\t<div id=\"fws_6a09b5e94e2f6\"  data-column-margin=\"default\" data-midnight=\"dark\"  class=\"wpb_row vc_row-fluid vc_row\"  style=\"padding-top: 0px; padding-bottom: 0px; \"><div class=\"row-bg-wrap\" data-bg-animation=\"none\" data-bg-animation-delay=\"\" data-bg-overlay=\"false\"><div class=\"inner-wrap row-bg-layer\" ><div class=\"row-bg viewport-desktop\"  style=\"\"><\/div><\/div><\/div><div class=\"row_col_wrap_12 col span_12 dark left\">\n\t<div  class=\"vc_col-sm-6 wpb_column column_container vc_column_container col padding-2-percent inherit_tablet inherit_phone \"  data-border-radius=\"10px\" data-shadow=\"small_depth\" data-padding-pos=\"all\" data-has-bg-color=\"false\" data-bg-color=\"\" data-bg-opacity=\"1\" data-animation=\"\" data-delay=\"0\" >\n\t\t<div class=\"vc_column-inner\" ><div class=\"column-bg-overlay-wrap column-bg-layer\" data-bg-animation=\"none\"><div class=\"column-bg-overlay\"><\/div><\/div>\n\t\t\t<div class=\"wpb_wrapper\">\n\t\t\t\t\n<div class=\"wpb_text_column wpb_content_element \" >\n\t<div class=\"wpb_wrapper\">\n\t\t<h3 style=\"text-align: center;\">Ar\u00e9na Doug Harvey<\/h3>\n\t<\/div>\n<\/div>\n\n\n\n<div class=\"img-with-aniamtion-wrap center\" data-max-width=\"100%\" data-max-width-mobile=\"default\" data-shadow=\"none\" data-animation=\"none\" >\n      <div class=\"inner\">\n        <div class=\"hover-wrap\"> \n          <div class=\"hover-wrap-inner\">\n            <img loading=\"lazy\" decoding=\"async\" class=\"img-with-animation skip-lazy\" data-delay=\"0\" height=\"1080\" width=\"1920\" data-animation=\"none\" src=\"https:\/\/www.ndghockey.com\/wp-content\/uploads\/2024\/09\/ndg-hockey-arena-doug-harvey-1920x1080-1.webp\" alt=\"\" srcset=\"https:\/\/www.ndghockey.com\/wp-content\/uploads\/2024\/09\/ndg-hockey-arena-doug-harvey-1920x1080-1.webp 1920w, https:\/\/www.ndghockey.com\/wp-content\/uploads\/2024\/09\/ndg-hockey-arena-doug-harvey-1920x1080-1-300x169.webp 300w, https:\/\/www.ndghockey.com\/wp-content\/uploads\/2024\/09\/ndg-hockey-arena-doug-harvey-1920x1080-1-1024x576.webp 1024w, https:\/\/www.ndghockey.com\/wp-content\/uploads\/2024\/09\/ndg-hockey-arena-doug-harvey-1920x1080-1-768x432.webp 768w, https:\/\/www.ndghockey.com\/wp-content\/uploads\/2024\/09\/ndg-hockey-arena-doug-harvey-1920x1080-1-1536x864.webp 1536w, https:\/\/www.ndghockey.com\/wp-content\/uploads\/2024\/09\/ndg-hockey-arena-doug-harvey-1920x1080-1-128x72.webp 128w, https:\/\/www.ndghockey.com\/wp-content\/uploads\/2024\/09\/ndg-hockey-arena-doug-harvey-1920x1080-1-32x18.webp 32w, https:\/\/www.ndghockey.com\/wp-content\/uploads\/2024\/09\/ndg-hockey-arena-doug-harvey-1920x1080-1-600x338.webp 600w\" sizes=\"auto, (max-width: 1920px) 100vw, 1920px\" \/>\n          <\/div>\n        <\/div>\n      <\/div>\n    <\/div>\n<div class=\"wpb_text_column wpb_content_element \" >\n\t<div class=\"wpb_wrapper\">\n\t\t<h3 style=\"text-align: center;\">Adresse<\/h3>\n\t<\/div>\n<\/div>\n\n\n\n\n<div class=\"wpb_text_column wpb_content_element \" >\n\t<div class=\"wpb_wrapper\">\n\t\t<p style=\"text-align: center;\"><strong>Adresse:<\/strong> 4985 W Hill Ave, Montreal, Quebec H4V 2W6<br \/>\n<strong>T\u00e9l\u00e9phone:<\/strong> (514) 872-6028<\/p>\n\t<\/div>\n<\/div>\n\n\n\n\n<div class=\"wpb_text_column wpb_content_element \" >\n\t<div class=\"wpb_wrapper\">\n\t\t<h3 style=\"text-align: center;\">Carte<\/h3>\n\t<\/div>\n<\/div>\n\n\n\n\n\t<div class=\"wpb_raw_code wpb_raw_html wpb_content_element\" >\n\t\t<div class=\"wpb_wrapper\">\n\t\t\t<iframe src=\"https:\/\/www.google.com\/maps\/embed?pb=!1m14!1m8!1m3!1d11206.25777676451!2d-73.6386111!3d45.4713889!3m2!1i1024!2i768!4f13.1!3m3!1m2!1s0x4cc9174624f1c343%3A0x6032a20671ba4238!2sAr%C3%A9na%20Doug-Harvey!5e1!3m2!1sen!2sca!4v1725750712141!5m2!1sen!2sca\" width=\"600\" height=\"450\" style=\"border:0;\" allowfullscreen=\"\" loading=\"lazy\" referrerpolicy=\"no-referrer-when-downgrade\"><\/iframe>\n\t\t<\/div>\n\t<\/div>\n\n\t\t\t<\/div> \n\t\t<\/div>\n\t<\/div> \n\n\t<div  class=\"vc_col-sm-6 wpb_column column_container vc_column_container col padding-2-percent inherit_tablet inherit_phone \"  data-border-radius=\"10px\" data-shadow=\"small_depth\" data-padding-pos=\"all\" data-has-bg-color=\"false\" data-bg-color=\"\" data-bg-opacity=\"1\" data-animation=\"\" data-delay=\"0\" >\n\t\t<div class=\"vc_column-inner\" ><div class=\"column-bg-overlay-wrap column-bg-layer\" data-bg-animation=\"none\"><div class=\"column-bg-overlay\"><\/div><\/div>\n\t\t\t<div class=\"wpb_wrapper\">\n\t\t\t\t\n<div class=\"wpb_text_column wpb_content_element \" >\n\t<div class=\"wpb_wrapper\">\n\t\t<h3 style=\"text-align: center;\">Ar\u00e9na Bill Durnan<\/h3>\n\t<\/div>\n<\/div>\n\n\n\n<div class=\"img-with-aniamtion-wrap \" data-max-width=\"100%\" data-max-width-mobile=\"default\" data-shadow=\"none\" data-animation=\"none\" >\n      <div class=\"inner\">\n        <div class=\"hover-wrap\"> \n          <div class=\"hover-wrap-inner\">\n            <img loading=\"lazy\" decoding=\"async\" class=\"img-with-animation skip-lazy\" data-delay=\"0\" height=\"1080\" width=\"1920\" data-animation=\"none\" src=\"https:\/\/www.ndghockey.com\/wp-content\/uploads\/2024\/09\/ndg-hockey-centre-sportif-gadbois-1920x1080-1.webp\" alt=\"\" srcset=\"https:\/\/www.ndghockey.com\/wp-content\/uploads\/2024\/09\/ndg-hockey-centre-sportif-gadbois-1920x1080-1.webp 1920w, https:\/\/www.ndghockey.com\/wp-content\/uploads\/2024\/09\/ndg-hockey-centre-sportif-gadbois-1920x1080-1-300x169.webp 300w, https:\/\/www.ndghockey.com\/wp-content\/uploads\/2024\/09\/ndg-hockey-centre-sportif-gadbois-1920x1080-1-1024x576.webp 1024w, https:\/\/www.ndghockey.com\/wp-content\/uploads\/2024\/09\/ndg-hockey-centre-sportif-gadbois-1920x1080-1-768x432.webp 768w, https:\/\/www.ndghockey.com\/wp-content\/uploads\/2024\/09\/ndg-hockey-centre-sportif-gadbois-1920x1080-1-1536x864.webp 1536w, https:\/\/www.ndghockey.com\/wp-content\/uploads\/2024\/09\/ndg-hockey-centre-sportif-gadbois-1920x1080-1-128x72.webp 128w, https:\/\/www.ndghockey.com\/wp-content\/uploads\/2024\/09\/ndg-hockey-centre-sportif-gadbois-1920x1080-1-32x18.webp 32w, https:\/\/www.ndghockey.com\/wp-content\/uploads\/2024\/09\/ndg-hockey-centre-sportif-gadbois-1920x1080-1-600x338.webp 600w\" sizes=\"auto, (max-width: 1920px) 100vw, 1920px\" \/>\n          <\/div>\n        <\/div>\n      <\/div>\n    <\/div>\n<div class=\"wpb_text_column wpb_content_element \" >\n\t<div class=\"wpb_wrapper\">\n\t\t<h3 style=\"text-align: center;\">Adresse<\/h3>\n\t<\/div>\n<\/div>\n\n\n\n\n<div class=\"wpb_text_column wpb_content_element \" >\n\t<div class=\"wpb_wrapper\">\n\t\t<p style=\"text-align: center;\"><strong>Address<\/strong>: 4988 V\u00e9zina St, Montreal, Quebec H3W 1C1<br \/>\n<strong>Phone<\/strong>: (514) 872-6073<\/p>\n\t<\/div>\n<\/div>\n\n\n\n\n<div class=\"wpb_text_column wpb_content_element \" >\n\t<div class=\"wpb_wrapper\">\n\t\t<h3 style=\"text-align: center;\">Carte<\/h3>\n\t<\/div>\n<\/div>\n\n\n\n\n\t<div class=\"wpb_raw_code wpb_raw_html wpb_content_element\" >\n\t\t<div class=\"wpb_wrapper\">\n\t\t\t<iframe src=\"https:\/\/www.google.com\/maps\/embed?pb=!1m18!1m12!1m3!1d11194.41929438002!2d-73.64480150000001!3d45.494758899999994!2m3!1f0!2f0!3f0!3m2!1i1024!2i768!4f13.1!3m3!1m2!1s0x4cc919dbe9c0b99f%3A0x4673362a24a479e2!2sAr%C3%A9na%20Bill-Durnan!5e0!3m2!1sen!2sca!4v1725751076107!5m2!1sen!2sca\" width=\"600\" height=\"450\" style=\"border:0;\" allowfullscreen=\"\" loading=\"lazy\" referrerpolicy=\"no-referrer-when-downgrade\"><\/iframe>\n\t\t<\/div>\n\t<\/div>\n\n\t\t\t<\/div> \n\t\t<\/div>\n\t<\/div> \n<\/div><\/div>\n\t\t<div id=\"fws_6a09b5e94f800\"  data-column-margin=\"default\" data-midnight=\"dark\"  class=\"wpb_row vc_row-fluid vc_row\"  style=\"padding-top: 0px; padding-bottom: 0px; \"><div class=\"row-bg-wrap\" data-bg-animation=\"none\" data-bg-animation-delay=\"\" data-bg-overlay=\"false\"><div class=\"inner-wrap row-bg-layer\" ><div class=\"row-bg viewport-desktop\"  style=\"\"><\/div><\/div><\/div><div class=\"row_col_wrap_12 col span_12 dark left\">\n\t<div  class=\"vc_col-sm-6 wpb_column column_container vc_column_container col padding-2-percent inherit_tablet inherit_phone \"  data-border-radius=\"10px\" data-shadow=\"small_depth\" data-padding-pos=\"all\" data-has-bg-color=\"false\" data-bg-color=\"\" data-bg-opacity=\"1\" data-animation=\"\" data-delay=\"0\" >\n\t\t<div class=\"vc_column-inner\" ><div class=\"column-bg-overlay-wrap column-bg-layer\" data-bg-animation=\"none\"><div class=\"column-bg-overlay\"><\/div><\/div>\n\t\t\t<div class=\"wpb_wrapper\">\n\t\t\t\t\n<div class=\"wpb_text_column wpb_content_element \" >\n\t<div class=\"wpb_wrapper\">\n\t\t<h3 style=\"text-align: center;\">Centre Sportif Saint-Charles<\/h3>\n\t<\/div>\n<\/div>\n\n\n\n<div class=\"img-with-aniamtion-wrap center\" data-max-width=\"100%\" data-max-width-mobile=\"default\" data-shadow=\"none\" data-animation=\"none\" >\n      <div class=\"inner\">\n        <div class=\"hover-wrap\"> \n          <div class=\"hover-wrap-inner\">\n            <img loading=\"lazy\" decoding=\"async\" class=\"img-with-animation skip-lazy\" data-delay=\"0\" height=\"1080\" width=\"1920\" data-animation=\"none\" src=\"https:\/\/www.ndghockey.com\/wp-content\/uploads\/2024\/09\/ndg-hockey-centre-sportif-saint-charles-1920x1080-1.webp\" alt=\"\" srcset=\"https:\/\/www.ndghockey.com\/wp-content\/uploads\/2024\/09\/ndg-hockey-centre-sportif-saint-charles-1920x1080-1.webp 1920w, https:\/\/www.ndghockey.com\/wp-content\/uploads\/2024\/09\/ndg-hockey-centre-sportif-saint-charles-1920x1080-1-300x169.webp 300w, https:\/\/www.ndghockey.com\/wp-content\/uploads\/2024\/09\/ndg-hockey-centre-sportif-saint-charles-1920x1080-1-1024x576.webp 1024w, https:\/\/www.ndghockey.com\/wp-content\/uploads\/2024\/09\/ndg-hockey-centre-sportif-saint-charles-1920x1080-1-768x432.webp 768w, https:\/\/www.ndghockey.com\/wp-content\/uploads\/2024\/09\/ndg-hockey-centre-sportif-saint-charles-1920x1080-1-1536x864.webp 1536w, https:\/\/www.ndghockey.com\/wp-content\/uploads\/2024\/09\/ndg-hockey-centre-sportif-saint-charles-1920x1080-1-128x72.webp 128w, https:\/\/www.ndghockey.com\/wp-content\/uploads\/2024\/09\/ndg-hockey-centre-sportif-saint-charles-1920x1080-1-32x18.webp 32w, https:\/\/www.ndghockey.com\/wp-content\/uploads\/2024\/09\/ndg-hockey-centre-sportif-saint-charles-1920x1080-1-600x338.webp 600w\" sizes=\"auto, (max-width: 1920px) 100vw, 1920px\" \/>\n          <\/div>\n        <\/div>\n      <\/div>\n    <\/div>\n<div class=\"wpb_text_column wpb_content_element \" >\n\t<div class=\"wpb_wrapper\">\n\t\t<h3 style=\"text-align: center;\">Adresse<\/h3>\n\t<\/div>\n<\/div>\n\n\n\n\n<div class=\"wpb_text_column wpb_content_element \" >\n\t<div class=\"wpb_wrapper\">\n\t\t<p style=\"text-align: center;\"><strong>Adresse: <\/strong>1055 Rue d&#8217;Hibernia<br \/>\nMontr\u00e9al, QC H3K 2V3<br \/>\n<strong>T\u00e9l\u00e9phone:<\/strong> (514) 872-2501<\/p>\n\t<\/div>\n<\/div>\n\n\n\n\n<div class=\"wpb_text_column wpb_content_element \" >\n\t<div class=\"wpb_wrapper\">\n\t\t<h3 style=\"text-align: center;\">Carte<\/h3>\n\t<\/div>\n<\/div>\n\n\n\n\n\t<div class=\"wpb_raw_code wpb_raw_html wpb_content_element\" >\n\t\t<div class=\"wpb_wrapper\">\n\t\t\t<iframe src=\"https:\/\/www.google.com\/maps\/embed?pb=!1m18!1m12!1m3!1d179041.04131320672!2d-73.86827660546874!3d45.4795475!2m3!1f0!2f0!3f0!3m2!1i1024!2i768!4f13.1!3m3!1m2!1s0x4cc91a80e528bfc7%3A0xe88b334d7a7ccbeb!2sCentre%20Sportif%20Saint-Charles!5e0!3m2!1sen!2sca!4v1725810280996!5m2!1sen!2sca\" width=\"600\" height=\"450\" style=\"border:0;\" allowfullscreen=\"\" loading=\"lazy\" referrerpolicy=\"no-referrer-when-downgrade\"><\/iframe>\n\t\t<\/div>\n\t<\/div>\n\n\t\t\t<\/div> \n\t\t<\/div>\n\t<\/div> \n\n\t<div  class=\"vc_col-sm-6 wpb_column column_container vc_column_container col padding-2-percent inherit_tablet inherit_phone \"  data-border-radius=\"10px\" data-shadow=\"small_depth\" data-padding-pos=\"all\" data-has-bg-color=\"false\" data-bg-color=\"\" data-bg-opacity=\"1\" data-animation=\"\" data-delay=\"0\" >\n\t\t<div class=\"vc_column-inner\" ><div class=\"column-bg-overlay-wrap column-bg-layer\" data-bg-animation=\"none\"><div class=\"column-bg-overlay\"><\/div><\/div>\n\t\t\t<div class=\"wpb_wrapper\">\n\t\t\t\t\n<div class=\"wpb_text_column wpb_content_element \" >\n\t<div class=\"wpb_wrapper\">\n\t\t<h3 style=\"text-align: center;\">Centre Sportif Gadbois<\/h3>\n\t<\/div>\n<\/div>\n\n\n\n<div class=\"img-with-aniamtion-wrap \" data-max-width=\"100%\" data-max-width-mobile=\"default\" data-shadow=\"none\" data-animation=\"none\" >\n      <div class=\"inner\">\n        <div class=\"hover-wrap\"> \n          <div class=\"hover-wrap-inner\">\n            <img loading=\"lazy\" decoding=\"async\" class=\"img-with-animation skip-lazy\" data-delay=\"0\" height=\"1080\" width=\"1920\" data-animation=\"none\" src=\"https:\/\/www.ndghockey.com\/wp-content\/uploads\/2024\/09\/ndg-hockey-centre-sportif-gadbois-1920x1080-1.webp\" alt=\"\" srcset=\"https:\/\/www.ndghockey.com\/wp-content\/uploads\/2024\/09\/ndg-hockey-centre-sportif-gadbois-1920x1080-1.webp 1920w, https:\/\/www.ndghockey.com\/wp-content\/uploads\/2024\/09\/ndg-hockey-centre-sportif-gadbois-1920x1080-1-300x169.webp 300w, https:\/\/www.ndghockey.com\/wp-content\/uploads\/2024\/09\/ndg-hockey-centre-sportif-gadbois-1920x1080-1-1024x576.webp 1024w, https:\/\/www.ndghockey.com\/wp-content\/uploads\/2024\/09\/ndg-hockey-centre-sportif-gadbois-1920x1080-1-768x432.webp 768w, https:\/\/www.ndghockey.com\/wp-content\/uploads\/2024\/09\/ndg-hockey-centre-sportif-gadbois-1920x1080-1-1536x864.webp 1536w, https:\/\/www.ndghockey.com\/wp-content\/uploads\/2024\/09\/ndg-hockey-centre-sportif-gadbois-1920x1080-1-128x72.webp 128w, https:\/\/www.ndghockey.com\/wp-content\/uploads\/2024\/09\/ndg-hockey-centre-sportif-gadbois-1920x1080-1-32x18.webp 32w, https:\/\/www.ndghockey.com\/wp-content\/uploads\/2024\/09\/ndg-hockey-centre-sportif-gadbois-1920x1080-1-600x338.webp 600w\" sizes=\"auto, (max-width: 1920px) 100vw, 1920px\" \/>\n          <\/div>\n        <\/div>\n      <\/div>\n    <\/div>\n<div class=\"wpb_text_column wpb_content_element \" >\n\t<div class=\"wpb_wrapper\">\n\t\t<h3 style=\"text-align: center;\">Adresse<\/h3>\n\t<\/div>\n<\/div>\n\n\n\n\n<div class=\"wpb_text_column wpb_content_element \" >\n\t<div class=\"wpb_wrapper\">\n\t\t<p style=\"text-align: center;\"><strong>Address<\/strong>: 5485 Chem. de la C\u00f4te-Saint- Paul<br \/>\nMontr\u00e9al, QC H4C 1X3<br \/>\n<strong>T\u00e9l\u00e9phone<\/strong>: (514) 872-2786<\/p>\n\t<\/div>\n<\/div>\n\n\n\n\n<div class=\"wpb_text_column wpb_content_element \" >\n\t<div class=\"wpb_wrapper\">\n\t\t<h3 style=\"text-align: center;\">Carte<\/h3>\n\t<\/div>\n<\/div>\n\n\n\n\n\t<div class=\"wpb_raw_code wpb_raw_html wpb_content_element\" >\n\t\t<div class=\"wpb_wrapper\">\n\t\t\t<iframe src=\"https:\/\/www.google.com\/maps\/embed?pb=!1m18!1m12!1m3!1d11194.41929438002!2d-73.64480150000001!3d45.494758899999994!2m3!1f0!2f0!3f0!3m2!1i1024!2i768!4f13.1!3m3!1m2!1s0x4cc919dbe9c0b99f%3A0x4673362a24a479e2!2sAr%C3%A9na%20Bill-Durnan!5e0!3m2!1sen!2sca!4v1725751076107!5m2!1sen!2sca\" width=\"600\" height=\"450\" style=\"border:0;\" allowfullscreen=\"\" loading=\"lazy\" referrerpolicy=\"no-referrer-when-downgrade\"><\/iframe>\n\t\t<\/div>\n\t<\/div>\n\n\t\t\t<\/div> \n\t\t<\/div>\n\t<\/div> \n<\/div><\/div>\n\t\t<div id=\"fws_6a09b5e950841\"  data-column-margin=\"default\" data-midnight=\"dark\"  class=\"wpb_row vc_row-fluid vc_row\"  style=\"padding-top: 0px; padding-bottom: 0px; \"><div class=\"row-bg-wrap\" data-bg-animation=\"none\" data-bg-animation-delay=\"\" data-bg-overlay=\"false\"><div class=\"inner-wrap row-bg-layer\" ><div class=\"row-bg viewport-desktop\"  style=\"\"><\/div><\/div><\/div><div class=\"row_col_wrap_12 col span_12 dark left\">\n\t<div  class=\"vc_col-sm-12 wpb_column column_container vc_column_container col no-extra-padding inherit_tablet inherit_phone \"  data-padding-pos=\"all\" data-has-bg-color=\"false\" data-bg-color=\"\" data-bg-opacity=\"1\" data-animation=\"\" data-delay=\"0\" >\n\t\t<div class=\"vc_column-inner\" >\n\t\t\t<div class=\"wpb_wrapper\">\n\t\t\t\t<div class=\"divider-wrap\" data-alignment=\"default\"><div style=\"height: 40px;\" class=\"divider\"><\/div><\/div>\n\t\t\t<\/div> \n\t\t<\/div>\n\t<\/div> \n<\/div><\/div>\n","protected":false},"excerpt":{"rendered":"Ar\u00e9na Doug Harvey Adresse Adresse: 4985 W Hill Ave, Montreal, Quebec H4V 2W6 T\u00e9l\u00e9phone: (514) 872-6028 Carte Ar\u00e9na Bill Durnan Adresse Address: 4988 V\u00e9zina St, Montreal, Quebec H3W 1C1 Phone:...","protected":false},"author":1,"featured_media":0,"parent":0,"menu_order":0,"comment_status":"closed","ping_status":"closed","template":"","meta":{"footnotes":""},"class_list":["post-2803","page","type-page","status-publish"],"yoast_head":"<!-- This site is optimized with the Yoast SEO plugin v27.6 - https:\/\/yoast.com\/product\/yoast-seo-wordpress\/ -->\n<title>Ar\u00e9nas - NDG Hockey League<\/title>\n<meta name=\"robots\" content=\"index, follow, max-snippet:-1, max-image-preview:large, max-video-preview:-1\" \/>\n<link rel=\"canonical\" href=\"https:\/\/www.ndghockey.com\/fr\/arenas\/\" \/>\n<meta property=\"og:locale\" content=\"fr_FR\" \/>\n<meta property=\"og:type\" content=\"article\" \/>\n<meta property=\"og:title\" content=\"Ar\u00e9nas - NDG Hockey League\" \/>\n<meta property=\"og:url\" content=\"https:\/\/www.ndghockey.com\/fr\/arenas\/\" \/>\n<meta property=\"og:site_name\" content=\"NDG Hockey League\" \/>\n<meta property=\"article:modified_time\" content=\"2024-09-08T16:03:27+00:00\" \/>\n<meta name=\"twitter:card\" content=\"summary_large_image\" \/>\n<meta name=\"twitter:label1\" content=\"Dur\u00e9e de lecture estim\u00e9e\" \/>\n\t<meta name=\"twitter:data1\" content=\"3 minutes\" \/>\n<script type=\"application\/ld+json\" class=\"yoast-schema-graph\">{\"@context\":\"https:\\\/\\\/schema.org\",\"@graph\":[{\"@type\":\"WebPage\",\"@id\":\"https:\\\/\\\/www.ndghockey.com\\\/fr\\\/arenas\\\/\",\"url\":\"https:\\\/\\\/www.ndghockey.com\\\/fr\\\/arenas\\\/\",\"name\":\"Ar\u00e9nas - NDG Hockey League\",\"isPartOf\":{\"@id\":\"https:\\\/\\\/www.ndghockey.com\\\/fr\\\/#website\"},\"datePublished\":\"2021-08-28T19:00:13+00:00\",\"dateModified\":\"2024-09-08T16:03:27+00:00\",\"breadcrumb\":{\"@id\":\"https:\\\/\\\/www.ndghockey.com\\\/fr\\\/arenas\\\/#breadcrumb\"},\"inLanguage\":\"fr-FR\",\"potentialAction\":[{\"@type\":\"ReadAction\",\"target\":[\"https:\\\/\\\/www.ndghockey.com\\\/fr\\\/arenas\\\/\"]}]},{\"@type\":\"BreadcrumbList\",\"@id\":\"https:\\\/\\\/www.ndghockey.com\\\/fr\\\/arenas\\\/#breadcrumb\",\"itemListElement\":[{\"@type\":\"ListItem\",\"position\":1,\"name\":\"Home\",\"item\":\"https:\\\/\\\/www.ndghockey.com\\\/fr\\\/\"},{\"@type\":\"ListItem\",\"position\":2,\"name\":\"Ar\u00e9nas\"}]},{\"@type\":\"WebSite\",\"@id\":\"https:\\\/\\\/www.ndghockey.com\\\/fr\\\/#website\",\"url\":\"https:\\\/\\\/www.ndghockey.com\\\/fr\\\/\",\"name\":\"NDG Hockey League\",\"description\":\"NDG Hockey League\",\"potentialAction\":[{\"@type\":\"SearchAction\",\"target\":{\"@type\":\"EntryPoint\",\"urlTemplate\":\"https:\\\/\\\/www.ndghockey.com\\\/fr\\\/?s={search_term_string}\"},\"query-input\":{\"@type\":\"PropertyValueSpecification\",\"valueRequired\":true,\"valueName\":\"search_term_string\"}}],\"inLanguage\":\"fr-FR\"}]}<\/script>\n<!-- \/ Yoast SEO plugin. -->","yoast_head_json":{"title":"Ar\u00e9nas - NDG Hockey League","robots":{"index":"index","follow":"follow","max-snippet":"max-snippet:-1","max-image-preview":"max-image-preview:large","max-video-preview":"max-video-preview:-1"},"canonical":"https:\/\/www.ndghockey.com\/fr\/arenas\/","og_locale":"fr_FR","og_type":"article","og_title":"Ar\u00e9nas - NDG Hockey League","og_url":"https:\/\/www.ndghockey.com\/fr\/arenas\/","og_site_name":"NDG Hockey League","article_modified_time":"2024-09-08T16:03:27+00:00","twitter_card":"summary_large_image","twitter_misc":{"Dur\u00e9e de lecture estim\u00e9e":"3 minutes"},"schema":{"@context":"https:\/\/schema.org","@graph":[{"@type":"WebPage","@id":"https:\/\/www.ndghockey.com\/fr\/arenas\/","url":"https:\/\/www.ndghockey.com\/fr\/arenas\/","name":"Ar\u00e9nas - NDG Hockey League","isPartOf":{"@id":"https:\/\/www.ndghockey.com\/fr\/#website"},"datePublished":"2021-08-28T19:00:13+00:00","dateModified":"2024-09-08T16:03:27+00:00","breadcrumb":{"@id":"https:\/\/www.ndghockey.com\/fr\/arenas\/#breadcrumb"},"inLanguage":"fr-FR","potentialAction":[{"@type":"ReadAction","target":["https:\/\/www.ndghockey.com\/fr\/arenas\/"]}]},{"@type":"BreadcrumbList","@id":"https:\/\/www.ndghockey.com\/fr\/arenas\/#breadcrumb","itemListElement":[{"@type":"ListItem","position":1,"name":"Home","item":"https:\/\/www.ndghockey.com\/fr\/"},{"@type":"ListItem","position":2,"name":"Ar\u00e9nas"}]},{"@type":"WebSite","@id":"https:\/\/www.ndghockey.com\/fr\/#website","url":"https:\/\/www.ndghockey.com\/fr\/","name":"NDG Hockey League","description":"NDG Hockey League","potentialAction":[{"@type":"SearchAction","target":{"@type":"EntryPoint","urlTemplate":"https:\/\/www.ndghockey.com\/fr\/?s={search_term_string}"},"query-input":{"@type":"PropertyValueSpecification","valueRequired":true,"valueName":"search_term_string"}}],"inLanguage":"fr-FR"}]}},"_links":{"self":[{"href":"https:\/\/www.ndghockey.com\/fr\/wp-json\/wp\/v2\/pages\/2803","targetHints":{"allow":["GET"]}}],"collection":[{"href":"https:\/\/www.ndghockey.com\/fr\/wp-json\/wp\/v2\/pages"}],"about":[{"href":"https:\/\/www.ndghockey.com\/fr\/wp-json\/wp\/v2\/types\/page"}],"author":[{"embeddable":true,"href":"https:\/\/www.ndghockey.com\/fr\/wp-json\/wp\/v2\/users\/1"}],"replies":[{"embeddable":true,"href":"https:\/\/www.ndghockey.com\/fr\/wp-json\/wp\/v2\/comments?post=2803"}],"version-history":[{"count":10,"href":"https:\/\/www.ndghockey.com\/fr\/wp-json\/wp\/v2\/pages\/2803\/revisions"}],"predecessor-version":[{"id":3814,"href":"https:\/\/www.ndghockey.com\/fr\/wp-json\/wp\/v2\/pages\/2803\/revisions\/3814"}],"wp:attachment":[{"href":"https:\/\/www.ndghockey.com\/fr\/wp-json\/wp\/v2\/media?parent=2803"}],"curies":[{"name":"wp","href":"https:\/\/api.w.org\/{rel}","templated":true}]}}