{"id":2828,"date":"2021-08-28T15:20:49","date_gmt":"2021-08-28T19:20:49","guid":{"rendered":"https:\/\/www.ndghockey.com\/?page_id=2828"},"modified":"2025-06-05T22:10:08","modified_gmt":"2025-06-06T02:10:08","slug":"elections","status":"publish","type":"page","link":"https:\/\/www.ndghockey.com\/fr\/elections\/","title":{"rendered":"\u00c9lections"},"content":{"rendered":"\n\t\t<div id=\"fws_6a07b6fd7988a\"  data-column-margin=\"default\" data-midnight=\"dark\"  class=\"wpb_row vc_row-fluid vc_row\"  style=\"padding-top: 0px; padding-bottom: 0px; \"><div class=\"row-bg-wrap\" data-bg-animation=\"none\" data-bg-animation-delay=\"\" data-bg-overlay=\"false\"><div class=\"inner-wrap row-bg-layer\" ><div class=\"row-bg viewport-desktop\"  style=\"\"><\/div><\/div><\/div><div class=\"row_col_wrap_12 col span_12 dark left\">\n\t<div  class=\"vc_col-sm-12 wpb_column column_container vc_column_container col no-extra-padding inherit_tablet inherit_phone \"  data-padding-pos=\"all\" data-has-bg-color=\"false\" data-bg-color=\"\" data-bg-opacity=\"1\" data-animation=\"\" data-delay=\"0\" >\n\t\t<div class=\"vc_column-inner\" >\n\t\t\t<div class=\"wpb_wrapper\">\n\t\t\t\t\n<div class=\"wpb_text_column wpb_content_element \" >\n\t<div class=\"wpb_wrapper\">\n\t\t<p style=\"text-align: center;\"><strong>Association de Hockey Mineur NDG<\/strong><\/p>\n<p style=\"text-align: center;\"><strong>AVIS D&#8217;\u00c9LECTION ET ASSEMBL\u00c9E G\u00c9N\u00c9RALE ANNUELLE<\/strong><\/p>\n<p>L&#8217;Association de hockey mineur de NDG tiendra son assembl\u00e9e g\u00e9n\u00e9rale annuelle et des \u00e9lections <span style=\"color: #0000ff;\"><strong>mardi le 17 juin 2025 \u00e0 19h00<\/strong>.<\/span><\/p>\n<p><strong>Lieu\u00a0<\/strong>: L\u00e9gion royale canadienne NDG<\/p>\n<p><strong>Adresse\u00a0<\/strong>: 5455 de Maisonneuve O. (coin Addington), Montr\u00e9al<\/p>\n<p><strong>Postes en nomination<\/strong> :<\/p>\n<ul>\n<li>Pr\u00e9sident (2 ans)<\/li>\n<li>2<sup>e<\/sup> Vice-Pr\u00e9sident (2 ans)<\/li>\n<li>Secr\u00e9taire (2 ans)<\/li>\n<\/ul>\n<p>5 postes de directeurs (1 an)<\/p>\n<ul>\n<li style=\"list-style-type: none;\">\n<ul>\n<li>Directeur des marketing et communication<\/li>\n<li>Directrice du d\u00e9veloppement des joueuses<\/li>\n<li>Directeur des achats et l&#8217;\u00e9quipement<\/li>\n<li>Directeur des tournois \/ \u00e9v\u00e9nements sp\u00e9ciaux<\/li>\n<li>Directeur des Lev\u00e9es de fonds<\/li>\n<\/ul>\n<\/li>\n<\/ul>\n<p><strong>Peuvent se pr\u00e9senter \u00e0 ces postes <\/strong><\/p>\n<p>Toute personne membre en r\u00e8gle de l\u2019association de Hockey Mineur NDG ou habitant dans les limites de l\u2019association et en r\u00e8gle avec les associations parents soient les Hurricanes de Montr\u00e9al (inscrit avec Hockey Mineur NDG). Les membres en r\u00e8gles sont toutes personnes majeures inscrites ou ayant un ou des enfants inscrits \u00e0 l\u2019association de Hockey mineur NDG pour la saison 2024-2025 ou qui sont b\u00e9n\u00e9voles au sein de cette association.<\/p>\n<p><strong>Proc\u00e9dures <\/strong><\/p>\n<p><strong>Formulaire de mise en candidature<\/strong>: <strong><u>Processus<\/u><\/strong>: les membres souhaitant soutenir un candidat doivent envoyer leur formulaire d\u00fbment sign\u00e9 directement \u00e0 l&#8217;adresse courriel suivante: <a href=\"mailto:info@ndghockey.com\" target=\"_blank\" rel=\"noopener\"><span style=\"color: #0000ff;\">info@ndghockey.com<\/span><\/a> . Toutes les candidatures re\u00e7ues seront soumises au pr\u00e9sident du comit\u00e9 \u00e9lectoral par courrier \u00e9lectronique avant l&#8217;assembl\u00e9e g\u00e9n\u00e9rale annuelle. <span style=\"color: #ff0000;\"><strong>Le bulletin de mise en candidature doit \u00eatre re\u00e7us au plus tard le 15 juin 2025.<\/strong><\/span><\/p>\n<p><strong>Cliquez <\/strong><span style=\"color: #ff0000;\"><a style=\"color: #ff0000;\" href=\"https:\/\/www.ndghockey.com\/wp-content\/uploads\/2025\/06\/Bulletin_de_mise_en_nomination_NDGHockey_2025.pdf\" target=\"_blank\" rel=\"noopener\"><strong>ici<\/strong><\/a> <\/span><strong>pour t\u00e9l\u00e9charger le bulletin de mise en candidature<\/strong><\/p>\n<h5>Votre association de hockey mineur<\/h5>\n\t<\/div>\n<\/div>\n\n\n\n\n\t\t\t<\/div> \n\t\t<\/div>\n\t<\/div> \n<\/div><\/div>\n","protected":false},"excerpt":{"rendered":"Association de Hockey Mineur NDG AVIS D'\u00c9LECTION ET ASSEMBL\u00c9E G\u00c9N\u00c9RALE ANNUELLE L'Association de hockey mineur de NDG tiendra son assembl\u00e9e g\u00e9n\u00e9rale annuelle et des \u00e9lections mardi le 17 juin 2025...","protected":false},"author":1,"featured_media":0,"parent":0,"menu_order":0,"comment_status":"closed","ping_status":"closed","template":"","meta":{"footnotes":""},"class_list":["post-2828","page","type-page","status-publish"],"yoast_head":"<!-- This site is optimized with the Yoast SEO plugin v27.6 - https:\/\/yoast.com\/product\/yoast-seo-wordpress\/ -->\n<title>\u00c9lections - NDG Hockey League<\/title>\n<meta name=\"robots\" content=\"index, follow, max-snippet:-1, max-image-preview:large, max-video-preview:-1\" \/>\n<link rel=\"canonical\" href=\"https:\/\/www.ndghockey.com\/fr\/elections\/\" \/>\n<meta property=\"og:locale\" content=\"fr_FR\" \/>\n<meta property=\"og:type\" content=\"article\" \/>\n<meta property=\"og:title\" content=\"\u00c9lections - NDG Hockey League\" \/>\n<meta property=\"og:url\" content=\"https:\/\/www.ndghockey.com\/fr\/elections\/\" \/>\n<meta property=\"og:site_name\" content=\"NDG Hockey League\" \/>\n<meta property=\"article:modified_time\" content=\"2025-06-06T02:10:08+00:00\" \/>\n<meta name=\"twitter:card\" content=\"summary_large_image\" \/>\n<meta name=\"twitter:label1\" content=\"Dur\u00e9e de lecture estim\u00e9e\" \/>\n\t<meta name=\"twitter:data1\" content=\"2 minutes\" \/>\n<script type=\"application\/ld+json\" class=\"yoast-schema-graph\">{\"@context\":\"https:\\\/\\\/schema.org\",\"@graph\":[{\"@type\":\"WebPage\",\"@id\":\"https:\\\/\\\/www.ndghockey.com\\\/fr\\\/elections\\\/\",\"url\":\"https:\\\/\\\/www.ndghockey.com\\\/fr\\\/elections\\\/\",\"name\":\"\u00c9lections - NDG Hockey League\",\"isPartOf\":{\"@id\":\"https:\\\/\\\/www.ndghockey.com\\\/fr\\\/#website\"},\"datePublished\":\"2021-08-28T19:20:49+00:00\",\"dateModified\":\"2025-06-06T02:10:08+00:00\",\"breadcrumb\":{\"@id\":\"https:\\\/\\\/www.ndghockey.com\\\/fr\\\/elections\\\/#breadcrumb\"},\"inLanguage\":\"fr-FR\",\"potentialAction\":[{\"@type\":\"ReadAction\",\"target\":[\"https:\\\/\\\/www.ndghockey.com\\\/fr\\\/elections\\\/\"]}]},{\"@type\":\"BreadcrumbList\",\"@id\":\"https:\\\/\\\/www.ndghockey.com\\\/fr\\\/elections\\\/#breadcrumb\",\"itemListElement\":[{\"@type\":\"ListItem\",\"position\":1,\"name\":\"Home\",\"item\":\"https:\\\/\\\/www.ndghockey.com\\\/fr\\\/\"},{\"@type\":\"ListItem\",\"position\":2,\"name\":\"\u00c9lections\"}]},{\"@type\":\"WebSite\",\"@id\":\"https:\\\/\\\/www.ndghockey.com\\\/fr\\\/#website\",\"url\":\"https:\\\/\\\/www.ndghockey.com\\\/fr\\\/\",\"name\":\"NDG Hockey League\",\"description\":\"NDG Hockey League\",\"potentialAction\":[{\"@type\":\"SearchAction\",\"target\":{\"@type\":\"EntryPoint\",\"urlTemplate\":\"https:\\\/\\\/www.ndghockey.com\\\/fr\\\/?s={search_term_string}\"},\"query-input\":{\"@type\":\"PropertyValueSpecification\",\"valueRequired\":true,\"valueName\":\"search_term_string\"}}],\"inLanguage\":\"fr-FR\"}]}<\/script>\n<!-- \/ Yoast SEO plugin. -->","yoast_head_json":{"title":"\u00c9lections - NDG Hockey League","robots":{"index":"index","follow":"follow","max-snippet":"max-snippet:-1","max-image-preview":"max-image-preview:large","max-video-preview":"max-video-preview:-1"},"canonical":"https:\/\/www.ndghockey.com\/fr\/elections\/","og_locale":"fr_FR","og_type":"article","og_title":"\u00c9lections - NDG Hockey League","og_url":"https:\/\/www.ndghockey.com\/fr\/elections\/","og_site_name":"NDG Hockey League","article_modified_time":"2025-06-06T02:10:08+00:00","twitter_card":"summary_large_image","twitter_misc":{"Dur\u00e9e de lecture estim\u00e9e":"2 minutes"},"schema":{"@context":"https:\/\/schema.org","@graph":[{"@type":"WebPage","@id":"https:\/\/www.ndghockey.com\/fr\/elections\/","url":"https:\/\/www.ndghockey.com\/fr\/elections\/","name":"\u00c9lections - NDG Hockey League","isPartOf":{"@id":"https:\/\/www.ndghockey.com\/fr\/#website"},"datePublished":"2021-08-28T19:20:49+00:00","dateModified":"2025-06-06T02:10:08+00:00","breadcrumb":{"@id":"https:\/\/www.ndghockey.com\/fr\/elections\/#breadcrumb"},"inLanguage":"fr-FR","potentialAction":[{"@type":"ReadAction","target":["https:\/\/www.ndghockey.com\/fr\/elections\/"]}]},{"@type":"BreadcrumbList","@id":"https:\/\/www.ndghockey.com\/fr\/elections\/#breadcrumb","itemListElement":[{"@type":"ListItem","position":1,"name":"Home","item":"https:\/\/www.ndghockey.com\/fr\/"},{"@type":"ListItem","position":2,"name":"\u00c9lections"}]},{"@type":"WebSite","@id":"https:\/\/www.ndghockey.com\/fr\/#website","url":"https:\/\/www.ndghockey.com\/fr\/","name":"NDG Hockey League","description":"NDG Hockey League","potentialAction":[{"@type":"SearchAction","target":{"@type":"EntryPoint","urlTemplate":"https:\/\/www.ndghockey.com\/fr\/?s={search_term_string}"},"query-input":{"@type":"PropertyValueSpecification","valueRequired":true,"valueName":"search_term_string"}}],"inLanguage":"fr-FR"}]}},"_links":{"self":[{"href":"https:\/\/www.ndghockey.com\/fr\/wp-json\/wp\/v2\/pages\/2828","targetHints":{"allow":["GET"]}}],"collection":[{"href":"https:\/\/www.ndghockey.com\/fr\/wp-json\/wp\/v2\/pages"}],"about":[{"href":"https:\/\/www.ndghockey.com\/fr\/wp-json\/wp\/v2\/types\/page"}],"author":[{"embeddable":true,"href":"https:\/\/www.ndghockey.com\/fr\/wp-json\/wp\/v2\/users\/1"}],"replies":[{"embeddable":true,"href":"https:\/\/www.ndghockey.com\/fr\/wp-json\/wp\/v2\/comments?post=2828"}],"version-history":[{"count":10,"href":"https:\/\/www.ndghockey.com\/fr\/wp-json\/wp\/v2\/pages\/2828\/revisions"}],"predecessor-version":[{"id":4128,"href":"https:\/\/www.ndghockey.com\/fr\/wp-json\/wp\/v2\/pages\/2828\/revisions\/4128"}],"wp:attachment":[{"href":"https:\/\/www.ndghockey.com\/fr\/wp-json\/wp\/v2\/media?parent=2828"}],"curies":[{"name":"wp","href":"https:\/\/api.w.org\/{rel}","templated":true}]}}