{"id":2834,"date":"2021-08-28T15:22:10","date_gmt":"2021-08-28T19:22:10","guid":{"rendered":"https:\/\/www.ndghockey.com\/?page_id=2834"},"modified":"2025-07-26T12:07:10","modified_gmt":"2025-07-26T16:07:10","slug":"inscription","status":"publish","type":"page","link":"https:\/\/www.ndghockey.com\/fr\/inscription\/","title":{"rendered":"Inscription"},"content":{"rendered":"\n\t\t<div id=\"fws_6a09b52c48b86\"  data-column-margin=\"default\" data-midnight=\"dark\"  class=\"wpb_row vc_row-fluid vc_row\"  style=\"padding-top: 0px; padding-bottom: 0px; \"><div class=\"row-bg-wrap\" data-bg-animation=\"none\" data-bg-animation-delay=\"\" data-bg-overlay=\"false\"><div class=\"inner-wrap row-bg-layer\" ><div class=\"row-bg viewport-desktop\"  style=\"\"><\/div><\/div><\/div><div class=\"row_col_wrap_12 col span_12 dark left\">\n\t<div  class=\"vc_col-sm-12 wpb_column column_container vc_column_container col no-extra-padding inherit_tablet inherit_phone \"  data-padding-pos=\"all\" data-has-bg-color=\"false\" data-bg-color=\"\" data-bg-opacity=\"1\" data-animation=\"\" data-delay=\"0\" >\n\t\t<div class=\"vc_column-inner\" >\n\t\t\t<div class=\"wpb_wrapper\">\n\t\t\t\t<div class=\"divider-wrap\" data-alignment=\"default\"><div style=\"height: 40px;\" class=\"divider\"><\/div><\/div>\n\t\t\t<\/div> \n\t\t<\/div>\n\t<\/div> \n<\/div><\/div>\n\t\t<div id=\"fws_6a09b52c49240\"  data-column-margin=\"default\" data-midnight=\"dark\"  class=\"wpb_row vc_row-fluid vc_row\"  style=\"padding-top: 0px; padding-bottom: 0px; \"><div class=\"row-bg-wrap\" data-bg-animation=\"none\" data-bg-animation-delay=\"\" data-bg-overlay=\"false\"><div class=\"inner-wrap row-bg-layer\" ><div class=\"row-bg viewport-desktop\"  style=\"\"><\/div><\/div><\/div><div class=\"row_col_wrap_12 col span_12 dark left\">\n\t<div  class=\"vc_col-sm-12 wpb_column column_container vc_column_container col no-extra-padding inherit_tablet inherit_phone \"  data-padding-pos=\"all\" data-has-bg-color=\"false\" data-bg-color=\"\" data-bg-opacity=\"1\" data-animation=\"\" data-delay=\"0\" >\n\t\t<div class=\"vc_column-inner\" >\n\t\t\t<div class=\"wpb_wrapper\">\n\t\t\t\t\n<div class=\"wpb_text_column wpb_content_element \" >\n\t<div class=\"wpb_wrapper\">\n\t\t<div class=\"vc_row wpb_row vc_row-fluid\">\n<div class=\"wpb_column vc_column_container vc_col-sm-12 instance-0\">\n<div class=\"vc_column-inner \">\n<div class=\"wpb_wrapper\">\n<div class=\"wpb_text_column wpb_content_element \">\n<h1 class=\"wpb_wrapper\"><img loading=\"lazy\" decoding=\"async\" class=\"alignnone wp-image-4142 size-large\" src=\"https:\/\/www.ndghockey.com\/wp-content\/uploads\/2025\/07\/2-1024x320.png\" alt=\"\" width=\"1024\" height=\"320\" srcset=\"https:\/\/www.ndghockey.com\/wp-content\/uploads\/2025\/07\/2-1024x320.png 1024w, https:\/\/www.ndghockey.com\/wp-content\/uploads\/2025\/07\/2-300x94.png 300w, https:\/\/www.ndghockey.com\/wp-content\/uploads\/2025\/07\/2-768x240.png 768w, https:\/\/www.ndghockey.com\/wp-content\/uploads\/2025\/07\/2-1536x480.png 1536w, https:\/\/www.ndghockey.com\/wp-content\/uploads\/2025\/07\/2-18x6.png 18w, https:\/\/www.ndghockey.com\/wp-content\/uploads\/2025\/07\/2-600x188.png 600w, https:\/\/www.ndghockey.com\/wp-content\/uploads\/2025\/07\/2.png 1920w\" sizes=\"auto, (max-width: 1024px) 100vw, 1024px\" \/><\/h1>\n<h1 class=\"wpb_wrapper\">Inscription 2025 \u2013 2026<\/h1>\n<p>Bonjour chers parents, joueurs et joueuses,<\/p>\n<p>Enfin, une nouvelle saison est sur le point de commencer et c\u2019est avec plaisir que les b\u00e9n\u00e9voles de l\u2019association vous accueillerons de nouveau, dans le cadre des activit\u00e9s du hockey mineur Notre-Dame-de-Gr\u00e2ce, Snowden, Cote des Neiges.<\/p>\n<p><strong>La date limite des inscriptions est le 30 ao\u00fbt 2025<\/strong>. Une p\u00e9nalit\u00e9 de $35 sera appliqu\u00e9e pour tout inscription apr\u00e8s le 30 ao\u00fbt 2025.<\/p>\n<h3>Les virements \u00e9lectroniques doivent \u00eatre envoy\u00e9s \u00e0 : <a href=\"mailto:margaret.lambton@ndghockey.com\">margaret.lambton@ndghockey.com<\/a><\/h3>\n<p><strong>NOUVELLES:<\/strong><\/p>\n<p><span style=\"color: #ff0000;\"><strong>\u00c9quipe f\u00e9minine M15 :<\/strong><\/span> Nous aurons des \u00e9quipes f\u00e9minines dans les divisions M9, M12 et M15 cette saison.<br \/>\n<span style=\"color: #ff0000;\"><strong>Nouveau plan de paiement:<\/strong><\/span> Nos familles peuvent effectuer le paiement de leurs frais d&#8217;inscription en un seul paiement complet ou utiliser notre nouvelle option de plan de paiement (voir ci-dessous).<br \/>\n\u2022 50 % des frais d&#8217;inscription sont dus \u00e0 l&#8217;inscription.<br \/>\n\u2022 25% des frais d&#8217;inscription sont dus avant le 01 septembre 2025.<br \/>\n\u2022 Les soldes impay\u00e9s doivent \u00eatre pay\u00e9s avant le 01 octobre 2025.<\/p>\n<p><strong><span style=\"color: #0000ff;\">Veuillez noter : le paiement initial doit \u00eatre re\u00e7u avant que votre enfant participe \u00e0 des activit\u00e9s de hockey.<\/span><\/strong><\/p>\n<p><span style=\"color: #ff0000;\"><strong>Tous les entra\u00eeneurs, entra\u00eeneurs adjoints et managers doivent d\u00e9sormais s\u2019inscrire en ligne en utilisant leur compte Spordle.<\/strong><\/span> Vous pouvez s\u00e9lectionner l&#8217;option ENTRA\u00ceNEUR(EUSE) et Gerant(e) sur notre page d&#8217;inscription : <span style=\"color: #0000ff;\"><a style=\"color: #0000ff;\" href=\"https:\/\/page.spordle.com\/fr\/ahm-notre-dame-de-graces\/register\">Inscription en ligne entra\u00eeneurs (euse) et gerant (e)<\/a><\/span><\/p>\n<p>Tous les NOUVEAUX entra\u00eeneurs doivent envoyer leur candidature d&#8217;entra\u00eeneur qui se trouve sur le site Web de NDG : <span style=\"color: #0000ff;\"><a style=\"color: #0000ff;\" href=\"https:\/\/www.ndghockey.com\/wp-content\/uploads\/2024\/06\/formulaire-dinscription-entraineur.pdf\">Formulaire de candidature des entra\u00eeneurs<\/a><\/span><\/p>\n<p><strong><span style=\"color: #ff0000;\">Conform\u00e9ment aux exigences de Hockey Qu\u00e9bec, les entra\u00eeneurs et les g\u00e9rants devront \u00e9galement effectuer une v\u00e9rification de leurs ant\u00e9c\u00e9dents criminels.<\/span><\/strong> Lorsque vous vous inscrivez en tant qu&#8217;entra\u00eeneur ou g\u00e9rant, Leslie, notre registraire, vous confirmera si vous devez ou non compl\u00e9ter ce processus cette saison.<\/p>\n<p>Une organisation comme NDG Hockey poursuit ses activit\u00e9s gr\u00e2ce aux travaux de nombreux b\u00e9n\u00e9voles. Nous les remercions tous en votre nom et nous vous invitons \u00e0 faire de m\u00eame en participer ainsi au d\u00e9veloppement des jeunes de votre quartier. Nous avons \u00e9galement des t\u00e2ches hors glace \u00e0 couvrir telle que des \u00e9v\u00e9nements, le parrainage, le d\u00e9veloppement des entra\u00eeneurs, \u00e9quipements, etc.<\/p>\n<h3>Nos familles seront encourag\u00e9es \u00e0 faire 3 heures du b\u00e9n\u00e9volat pendant la saison.<\/h3>\n<\/div>\n<\/div>\n<\/div>\n<\/div>\n<\/div>\n<div class=\"vc_row wpb_row vc_row-fluid\">\n<div class=\"wpb_column vc_column_container vc_col-sm-12 instance-1\">\n<div class=\"vc_column-inner \">\n<div class=\"wpb_wrapper\">\n<div class=\"wpb_text_column wpb_content_element \">\n<div class=\"wpb_wrapper\">\n<p>Surtout, n&#8217;h\u00e9sitez pas \u00e0 nous faire part de vos commentaires et bonne saison 2025-2026.<\/p>\n<h3><\/h3>\n<table width=\"472\">\n<tbody>\n<tr>\n<td colspan=\"2\" width=\"315\"><\/td>\n<td width=\"151\"><\/td>\n<\/tr>\n<tr>\n<td><\/td>\n<td width=\"146\"><\/td>\n<td width=\"151\"><\/td>\n<\/tr>\n<tr>\n<td>Horaire pour M7 (DDN 2021)<\/td>\n<td width=\"146\">Jeudi @ 17h30<\/td>\n<td width=\"151\">Samedi @ 12h00<\/td>\n<\/tr>\n<tr>\n<td>M7 (DDN2020) Pr\u00e9-Novice<\/td>\n<td width=\"146\">Mardi @ 17h30<\/td>\n<td width=\"151\">Samedi @ 11h00<\/td>\n<\/tr>\n<tr>\n<td>M7 (DDN2019) Pr\u00e9-Novice<\/td>\n<td width=\"146\">Mercredi @ 17h30<\/td>\n<td width=\"151\">Samedi @ 10h00<\/td>\n<\/tr>\n<tr>\n<td colspan=\"2\" width=\"315\"><span style=\"color: #0000ff;\"><strong>** Toutes les pratiques sont \u00e0 l\u2019ar\u00e9na Doug Harvey<\/strong><\/span><\/td>\n<td width=\"151\"><\/td>\n<\/tr>\n<\/tbody>\n<\/table>\n<p>Brenda Gallant<br \/>\nPr\u00e9sidente<br \/>\nHockey Mineur NDG<\/p>\n<p><a href=\"mailto:brendagallant@ndghockey.com\"><span style=\"color: #0000ff;\"><strong>brendagallant@ndghockey.com<\/strong><\/span><\/a><\/p>\n<p>(514) 647-8846<\/p>\n<h2><span style=\"color: #ff0000;\"><strong>Message du registraire:<\/strong><\/span><\/h2>\n<p>Pour la proc\u00e9dure d&#8217;enregistrement \u00e9tape par \u00e9tape, rendez-vous sur notre site Web (<a href=\"https:\/\/www.ndghockey.com\/fr\/\">www.ndghockey.com<\/a>) s\u00e9lectionnez l&#8217;onglet Infos puis Biblioth\u00e8que et vous trouverez la proc\u00e9dure d&#8217;enregistrement sous Fichiers.<\/p>\n<h3><span style=\"color: #000000;\">Inscription 2025-2026: <\/span><span style=\"color: #0000ff;\"><a style=\"color: #0000ff;\" href=\"https:\/\/account.spordle.com\/login\" target=\"_blank\" rel=\"noopener\">Cliquez ici<\/a><\/span><\/h3>\n<p><strong>Si vous d\u00e9sirez inscrire un nouveau joueur, ou un enfant qui n&#8217;a encore jamais jou\u00e9 au hockey, vous devrez communiquer avec moi pour cr\u00e9er leur dossier \u00e0: <a href=\"mailto:inscription@ndghockey.com\">inscription@ndghockey.com<\/a>.\u00a0<\/strong><\/p>\n<p>Vous aurez la possibilit\u00e9 de payer par virement Interac ou comptant.<\/p>\n<p>Si vous avez des questions, surtout n&#8217;h\u00e9sitez pas \u00e0 communiquer avec moi.<\/p>\n<p>Leslie Levinson &#8211; <a href=\"mailto:inscription@ndghockey.com\">inscription@ndghockey.com<\/a><\/p>\n<p>Registraire<\/p>\n<\/div>\n<\/div>\n<\/div>\n<\/div>\n<\/div>\n<\/div>\n\t<\/div>\n<\/div>\n\n\n\n\n\t\t\t<\/div> \n\t\t<\/div>\n\t<\/div> \n<\/div><\/div>\n","protected":false},"excerpt":{"rendered":"Inscription 2025 \u2013 2026 Bonjour chers parents, joueurs et joueuses, Enfin, une nouvelle saison est sur le point de commencer et c\u2019est avec plaisir que les b\u00e9n\u00e9voles de l\u2019association vous...","protected":false},"author":1,"featured_media":0,"parent":0,"menu_order":0,"comment_status":"closed","ping_status":"closed","template":"","meta":{"footnotes":""},"class_list":["post-2834","page","type-page","status-publish"],"yoast_head":"<!-- This site is optimized with the Yoast SEO plugin v27.6 - https:\/\/yoast.com\/product\/yoast-seo-wordpress\/ -->\n<title>Inscription - NDG Hockey League<\/title>\n<meta name=\"robots\" content=\"index, follow, max-snippet:-1, max-image-preview:large, max-video-preview:-1\" \/>\n<link rel=\"canonical\" href=\"https:\/\/www.ndghockey.com\/fr\/inscription\/\" \/>\n<meta property=\"og:locale\" content=\"fr_FR\" \/>\n<meta property=\"og:type\" content=\"article\" \/>\n<meta property=\"og:title\" content=\"Inscription - NDG Hockey League\" \/>\n<meta property=\"og:url\" content=\"https:\/\/www.ndghockey.com\/fr\/inscription\/\" \/>\n<meta property=\"og:site_name\" content=\"NDG Hockey League\" \/>\n<meta property=\"article:modified_time\" content=\"2025-07-26T16:07:10+00:00\" \/>\n<meta property=\"og:image\" content=\"https:\/\/www.ndghockey.com\/wp-content\/uploads\/2025\/07\/2.png\" \/>\n\t<meta property=\"og:image:width\" content=\"1920\" \/>\n\t<meta property=\"og:image:height\" content=\"600\" \/>\n\t<meta property=\"og:image:type\" content=\"image\/png\" \/>\n<meta name=\"twitter:card\" content=\"summary_large_image\" \/>\n<meta name=\"twitter:label1\" content=\"Dur\u00e9e de lecture estim\u00e9e\" \/>\n\t<meta name=\"twitter:data1\" content=\"3 minutes\" \/>\n<script type=\"application\/ld+json\" class=\"yoast-schema-graph\">{\"@context\":\"https:\\\/\\\/schema.org\",\"@graph\":[{\"@type\":\"WebPage\",\"@id\":\"https:\\\/\\\/www.ndghockey.com\\\/fr\\\/inscription\\\/\",\"url\":\"https:\\\/\\\/www.ndghockey.com\\\/fr\\\/inscription\\\/\",\"name\":\"Inscription - NDG Hockey League\",\"isPartOf\":{\"@id\":\"https:\\\/\\\/www.ndghockey.com\\\/fr\\\/#website\"},\"primaryImageOfPage\":{\"@id\":\"https:\\\/\\\/www.ndghockey.com\\\/fr\\\/inscription\\\/#primaryimage\"},\"image\":{\"@id\":\"https:\\\/\\\/www.ndghockey.com\\\/fr\\\/inscription\\\/#primaryimage\"},\"thumbnailUrl\":\"https:\\\/\\\/www.ndghockey.com\\\/wp-content\\\/uploads\\\/2025\\\/07\\\/2-1024x320.png\",\"datePublished\":\"2021-08-28T19:22:10+00:00\",\"dateModified\":\"2025-07-26T16:07:10+00:00\",\"breadcrumb\":{\"@id\":\"https:\\\/\\\/www.ndghockey.com\\\/fr\\\/inscription\\\/#breadcrumb\"},\"inLanguage\":\"fr-FR\",\"potentialAction\":[{\"@type\":\"ReadAction\",\"target\":[\"https:\\\/\\\/www.ndghockey.com\\\/fr\\\/inscription\\\/\"]}]},{\"@type\":\"ImageObject\",\"inLanguage\":\"fr-FR\",\"@id\":\"https:\\\/\\\/www.ndghockey.com\\\/fr\\\/inscription\\\/#primaryimage\",\"url\":\"https:\\\/\\\/www.ndghockey.com\\\/wp-content\\\/uploads\\\/2025\\\/07\\\/2-1024x320.png\",\"contentUrl\":\"https:\\\/\\\/www.ndghockey.com\\\/wp-content\\\/uploads\\\/2025\\\/07\\\/2-1024x320.png\"},{\"@type\":\"BreadcrumbList\",\"@id\":\"https:\\\/\\\/www.ndghockey.com\\\/fr\\\/inscription\\\/#breadcrumb\",\"itemListElement\":[{\"@type\":\"ListItem\",\"position\":1,\"name\":\"Home\",\"item\":\"https:\\\/\\\/www.ndghockey.com\\\/fr\\\/\"},{\"@type\":\"ListItem\",\"position\":2,\"name\":\"Inscription\"}]},{\"@type\":\"WebSite\",\"@id\":\"https:\\\/\\\/www.ndghockey.com\\\/fr\\\/#website\",\"url\":\"https:\\\/\\\/www.ndghockey.com\\\/fr\\\/\",\"name\":\"NDG Hockey League\",\"description\":\"NDG Hockey League\",\"potentialAction\":[{\"@type\":\"SearchAction\",\"target\":{\"@type\":\"EntryPoint\",\"urlTemplate\":\"https:\\\/\\\/www.ndghockey.com\\\/fr\\\/?s={search_term_string}\"},\"query-input\":{\"@type\":\"PropertyValueSpecification\",\"valueRequired\":true,\"valueName\":\"search_term_string\"}}],\"inLanguage\":\"fr-FR\"}]}<\/script>\n<!-- \/ Yoast SEO plugin. -->","yoast_head_json":{"title":"Inscription - NDG Hockey League","robots":{"index":"index","follow":"follow","max-snippet":"max-snippet:-1","max-image-preview":"max-image-preview:large","max-video-preview":"max-video-preview:-1"},"canonical":"https:\/\/www.ndghockey.com\/fr\/inscription\/","og_locale":"fr_FR","og_type":"article","og_title":"Inscription - NDG Hockey League","og_url":"https:\/\/www.ndghockey.com\/fr\/inscription\/","og_site_name":"NDG Hockey League","article_modified_time":"2025-07-26T16:07:10+00:00","og_image":[{"width":1920,"height":600,"url":"https:\/\/www.ndghockey.com\/wp-content\/uploads\/2025\/07\/2.png","type":"image\/png"}],"twitter_card":"summary_large_image","twitter_misc":{"Dur\u00e9e de lecture estim\u00e9e":"3 minutes"},"schema":{"@context":"https:\/\/schema.org","@graph":[{"@type":"WebPage","@id":"https:\/\/www.ndghockey.com\/fr\/inscription\/","url":"https:\/\/www.ndghockey.com\/fr\/inscription\/","name":"Inscription - NDG Hockey League","isPartOf":{"@id":"https:\/\/www.ndghockey.com\/fr\/#website"},"primaryImageOfPage":{"@id":"https:\/\/www.ndghockey.com\/fr\/inscription\/#primaryimage"},"image":{"@id":"https:\/\/www.ndghockey.com\/fr\/inscription\/#primaryimage"},"thumbnailUrl":"https:\/\/www.ndghockey.com\/wp-content\/uploads\/2025\/07\/2-1024x320.png","datePublished":"2021-08-28T19:22:10+00:00","dateModified":"2025-07-26T16:07:10+00:00","breadcrumb":{"@id":"https:\/\/www.ndghockey.com\/fr\/inscription\/#breadcrumb"},"inLanguage":"fr-FR","potentialAction":[{"@type":"ReadAction","target":["https:\/\/www.ndghockey.com\/fr\/inscription\/"]}]},{"@type":"ImageObject","inLanguage":"fr-FR","@id":"https:\/\/www.ndghockey.com\/fr\/inscription\/#primaryimage","url":"https:\/\/www.ndghockey.com\/wp-content\/uploads\/2025\/07\/2-1024x320.png","contentUrl":"https:\/\/www.ndghockey.com\/wp-content\/uploads\/2025\/07\/2-1024x320.png"},{"@type":"BreadcrumbList","@id":"https:\/\/www.ndghockey.com\/fr\/inscription\/#breadcrumb","itemListElement":[{"@type":"ListItem","position":1,"name":"Home","item":"https:\/\/www.ndghockey.com\/fr\/"},{"@type":"ListItem","position":2,"name":"Inscription"}]},{"@type":"WebSite","@id":"https:\/\/www.ndghockey.com\/fr\/#website","url":"https:\/\/www.ndghockey.com\/fr\/","name":"NDG Hockey League","description":"NDG Hockey League","potentialAction":[{"@type":"SearchAction","target":{"@type":"EntryPoint","urlTemplate":"https:\/\/www.ndghockey.com\/fr\/?s={search_term_string}"},"query-input":{"@type":"PropertyValueSpecification","valueRequired":true,"valueName":"search_term_string"}}],"inLanguage":"fr-FR"}]}},"_links":{"self":[{"href":"https:\/\/www.ndghockey.com\/fr\/wp-json\/wp\/v2\/pages\/2834","targetHints":{"allow":["GET"]}}],"collection":[{"href":"https:\/\/www.ndghockey.com\/fr\/wp-json\/wp\/v2\/pages"}],"about":[{"href":"https:\/\/www.ndghockey.com\/fr\/wp-json\/wp\/v2\/types\/page"}],"author":[{"embeddable":true,"href":"https:\/\/www.ndghockey.com\/fr\/wp-json\/wp\/v2\/users\/1"}],"replies":[{"embeddable":true,"href":"https:\/\/www.ndghockey.com\/fr\/wp-json\/wp\/v2\/comments?post=2834"}],"version-history":[{"count":38,"href":"https:\/\/www.ndghockey.com\/fr\/wp-json\/wp\/v2\/pages\/2834\/revisions"}],"predecessor-version":[{"id":4157,"href":"https:\/\/www.ndghockey.com\/fr\/wp-json\/wp\/v2\/pages\/2834\/revisions\/4157"}],"wp:attachment":[{"href":"https:\/\/www.ndghockey.com\/fr\/wp-json\/wp\/v2\/media?parent=2834"}],"curies":[{"name":"wp","href":"https:\/\/api.w.org\/{rel}","templated":true}]}}