{"id":2878,"date":"2021-08-28T15:41:49","date_gmt":"2021-08-28T19:41:49","guid":{"rendered":"https:\/\/www.ndghockey.com\/?page_id=2878"},"modified":"2024-09-08T18:49:48","modified_gmt":"2024-09-08T22:49:48","slug":"executif-ndg","status":"publish","type":"page","link":"https:\/\/www.ndghockey.com\/fr\/executif-ndg\/","title":{"rendered":"Ex\u00e9cutif NDG"},"content":{"rendered":"\n\t\t<div id=\"fws_6a09b53924f5f\"  data-column-margin=\"default\" data-midnight=\"dark\"  class=\"wpb_row vc_row-fluid vc_row\"  style=\"padding-top: 0px; padding-bottom: 0px; \"><div class=\"row-bg-wrap\" data-bg-animation=\"none\" data-bg-animation-delay=\"\" data-bg-overlay=\"false\"><div class=\"inner-wrap row-bg-layer\" ><div class=\"row-bg viewport-desktop\"  style=\"\"><\/div><\/div><\/div><div class=\"row_col_wrap_12 col span_12 dark left\">\n\t<div  class=\"vc_col-sm-12 wpb_column column_container vc_column_container col no-extra-padding inherit_tablet inherit_phone \"  data-padding-pos=\"all\" data-has-bg-color=\"false\" data-bg-color=\"\" data-bg-opacity=\"1\" data-animation=\"\" data-delay=\"0\" >\n\t\t<div class=\"vc_column-inner\" >\n\t\t\t<div class=\"wpb_wrapper\">\n\t\t\t\t\n<div class=\"wpb_text_column wpb_content_element \" >\n\t<div class=\"wpb_wrapper\">\n\t\t<h2>NDG Hockey Executive<\/h2>\n\t<\/div>\n<\/div>\n\n\n\n\n\t\t\t<\/div> \n\t\t<\/div>\n\t<\/div> \n<\/div><\/div>\n\t\t<div id=\"fws_6a09b53925740\"  data-column-margin=\"default\" data-midnight=\"dark\"  class=\"wpb_row vc_row-fluid vc_row\"  style=\"padding-top: 0px; padding-bottom: 0px; \"><div class=\"row-bg-wrap\" data-bg-animation=\"none\" data-bg-animation-delay=\"\" data-bg-overlay=\"false\"><div class=\"inner-wrap row-bg-layer\" ><div class=\"row-bg viewport-desktop\"  style=\"\"><\/div><\/div><\/div><div class=\"row_col_wrap_12 col span_12 dark left\">\n\t<div  class=\"vc_col-sm-3 wpb_column column_container vc_column_container col no-extra-padding inherit_tablet inherit_phone \"  data-padding-pos=\"all\" data-has-bg-color=\"false\" data-bg-color=\"\" data-bg-opacity=\"1\" data-animation=\"\" data-delay=\"0\" >\n\t\t<div class=\"vc_column-inner\" >\n\t\t\t<div class=\"wpb_wrapper\">\n\t\t\t\t<div class=\"team-member\" data-style=\"meta_below\"><img decoding=\"async\" alt=\"placeholder\" src=\"https:\/\/www.ndghockey.com\/wp-content\/uploads\/2019\/08\/placeholder.gif\" title=\"Brenda Gallant\" \/><h4 class=\"light\">Brenda Gallant<\/h4><div class=\"position\">Pr\u00e9sidente<\/div><p class=\"description\">T\u00e9l\u00e9phone: (514) 647-8846<br \/>\nFax: (514) 647-8846<br \/>\nCourriel: brendagallant (a) ndghockey.com<\/p><\/div>\n\t\t\t<\/div> \n\t\t<\/div>\n\t<\/div> \n\n\t<div  class=\"vc_col-sm-3 wpb_column column_container vc_column_container col no-extra-padding inherit_tablet inherit_phone \"  data-padding-pos=\"all\" data-has-bg-color=\"false\" data-bg-color=\"\" data-bg-opacity=\"1\" data-animation=\"\" data-delay=\"0\" >\n\t\t<div class=\"vc_column-inner\" >\n\t\t\t<div class=\"wpb_wrapper\">\n\t\t\t\t<div class=\"team-member\" data-style=\"meta_below\"><img decoding=\"async\" alt=\"placeholder\" src=\"https:\/\/www.ndghockey.com\/wp-content\/uploads\/2019\/08\/placeholder.gif\" title=\"Dan Drolet\" \/><h4 class=\"light\">Dan Drolet<\/h4><div class=\"position\">Vice-pr\u00e9sident<\/div><p class=\"description\">\u00c9quipement et planification<br \/>\nCourriel: hurricanesmtl (a) gmail.com<\/p><\/div>\n\t\t\t<\/div> \n\t\t<\/div>\n\t<\/div> \n\n\t<div  class=\"vc_col-sm-3 wpb_column column_container vc_column_container col no-extra-padding inherit_tablet inherit_phone \"  data-padding-pos=\"all\" data-has-bg-color=\"false\" data-bg-color=\"\" data-bg-opacity=\"1\" data-animation=\"\" data-delay=\"0\" >\n\t\t<div class=\"vc_column-inner\" >\n\t\t\t<div class=\"wpb_wrapper\">\n\t\t\t\t<div class=\"team-member\" data-style=\"meta_below\"><img decoding=\"async\" alt=\"placeholder\" src=\"https:\/\/www.ndghockey.com\/wp-content\/uploads\/2019\/08\/placeholder.gif\" title=\"Jesse Shea-Cowper\" \/><h4 class=\"light\">Jesse Shea-Cowper<\/h4><div class=\"position\">Vice President<\/div><p class=\"description\">Gouverneur<br \/>\nEmail: hurricanesmtl (a) gmail.com<\/p><\/div>\n\t\t\t<\/div> \n\t\t<\/div>\n\t<\/div> \n\n\t<div  class=\"vc_col-sm-3 wpb_column column_container vc_column_container col no-extra-padding inherit_tablet inherit_phone \"  data-padding-pos=\"all\" data-has-bg-color=\"false\" data-bg-color=\"\" data-bg-opacity=\"1\" data-animation=\"\" data-delay=\"0\" >\n\t\t<div class=\"vc_column-inner\" >\n\t\t\t<div class=\"wpb_wrapper\">\n\t\t\t\t<div class=\"team-member\" data-style=\"meta_below\"><img decoding=\"async\" alt=\"placeholder\" src=\"https:\/\/www.ndghockey.com\/wp-content\/uploads\/2019\/08\/placeholder.gif\" title=\"Kelly DePooter\" \/><h4 class=\"light\">Kelly DePooter<\/h4><div class=\"position\">Vice-pr\u00e9sidente<\/div><p class=\"description\">Courriel: kelly.depooter (a) ndghockey.com<\/p><\/div>\n\t\t\t<\/div> \n\t\t<\/div>\n\t<\/div> \n<\/div><\/div>\n\t\t<div id=\"fws_6a09b53926c17\"  data-column-margin=\"default\" data-midnight=\"dark\"  class=\"wpb_row vc_row-fluid vc_row\"  style=\"padding-top: 0px; padding-bottom: 0px; \"><div class=\"row-bg-wrap\" data-bg-animation=\"none\" data-bg-animation-delay=\"\" data-bg-overlay=\"false\"><div class=\"inner-wrap row-bg-layer\" ><div class=\"row-bg viewport-desktop\"  style=\"\"><\/div><\/div><\/div><div class=\"row_col_wrap_12 col span_12 dark left\">\n\t<div  class=\"vc_col-sm-3 wpb_column column_container vc_column_container col no-extra-padding inherit_tablet inherit_phone \"  data-padding-pos=\"all\" data-has-bg-color=\"false\" data-bg-color=\"\" data-bg-opacity=\"1\" data-animation=\"\" data-delay=\"0\" >\n\t\t<div class=\"vc_column-inner\" >\n\t\t\t<div class=\"wpb_wrapper\">\n\t\t\t\t<div class=\"team-member\" data-style=\"meta_below\"><img decoding=\"async\" alt=\"placeholder\" src=\"https:\/\/www.ndghockey.com\/wp-content\/uploads\/2019\/08\/placeholder.gif\" title=\"Margaret Lambton\" \/><h4 class=\"light\">Margaret Lambton<\/h4><div class=\"position\">Tr\u00e9sori\u00e8re<\/div><p class=\"description\">Courriel: margaret.lambton (a) ndghockey.com<\/p><\/div>\n\t\t\t<\/div> \n\t\t<\/div>\n\t<\/div> \n\n\t<div  class=\"vc_col-sm-3 wpb_column column_container vc_column_container col no-extra-padding inherit_tablet inherit_phone \"  data-padding-pos=\"all\" data-has-bg-color=\"false\" data-bg-color=\"\" data-bg-opacity=\"1\" data-animation=\"\" data-delay=\"0\" >\n\t\t<div class=\"vc_column-inner\" >\n\t\t\t<div class=\"wpb_wrapper\">\n\t\t\t\t<div class=\"team-member\" data-style=\"meta_below\"><img decoding=\"async\" alt=\"placeholder\" src=\"https:\/\/www.ndghockey.com\/wp-content\/uploads\/2019\/08\/placeholder.gif\" title=\"Leslie Levinson\" \/><h4 class=\"light\">Leslie Levinson<\/h4><div class=\"position\">Secr\u00e9taire \/ Registraire<\/div><p class=\"description\">Courriel: leslielevinson (a) ndghockey.com<\/p><\/div>\n\t\t\t<\/div> \n\t\t<\/div>\n\t<\/div> \n\n\t<div  class=\"vc_col-sm-3 wpb_column column_container vc_column_container col no-extra-padding inherit_tablet inherit_phone \"  data-padding-pos=\"all\" data-has-bg-color=\"false\" data-bg-color=\"\" data-bg-opacity=\"1\" data-animation=\"\" data-delay=\"0\" >\n\t\t<div class=\"vc_column-inner\" >\n\t\t\t<div class=\"wpb_wrapper\">\n\t\t\t\t<div class=\"team-member\" data-style=\"meta_below\"><img decoding=\"async\" alt=\"placeholder\" src=\"https:\/\/www.ndghockey.com\/wp-content\/uploads\/2019\/08\/placeholder.gif\" title=\"\u00c0 confirmer (Pr\u00e9sident du comit\u00e9)\" \/><h4 class=\"light\">\u00c0 confirmer (Pr\u00e9sident du comit\u00e9)<\/h4><div class=\"position\">Comit\u00e9 de discipline<\/div><p class=\"description\">Courriel: info (a) ndghockey.com<\/p><\/div>\n\t\t\t<\/div> \n\t\t<\/div>\n\t<\/div> \n\n\t<div  class=\"vc_col-sm-3 wpb_column column_container vc_column_container col no-extra-padding inherit_tablet inherit_phone \"  data-padding-pos=\"all\" data-has-bg-color=\"false\" data-bg-color=\"\" data-bg-opacity=\"1\" data-animation=\"\" data-delay=\"0\" >\n\t\t<div class=\"vc_column-inner\" >\n\t\t\t<div class=\"wpb_wrapper\">\n\t\t\t\t\n\t\t\t<\/div> \n\t\t<\/div>\n\t<\/div> \n<\/div><\/div>\n\t\t<div id=\"fws_6a09b53927925\"  data-column-margin=\"default\" data-midnight=\"dark\"  class=\"wpb_row vc_row-fluid vc_row\"  style=\"padding-top: 0px; padding-bottom: 0px; \"><div class=\"row-bg-wrap\" data-bg-animation=\"none\" data-bg-animation-delay=\"\" data-bg-overlay=\"false\"><div class=\"inner-wrap row-bg-layer\" ><div class=\"row-bg viewport-desktop\"  style=\"\"><\/div><\/div><\/div><div class=\"row_col_wrap_12 col span_12 dark left\">\n\t<div  class=\"vc_col-sm-12 wpb_column column_container vc_column_container col no-extra-padding inherit_tablet inherit_phone \"  data-padding-pos=\"all\" data-has-bg-color=\"false\" data-bg-color=\"\" data-bg-opacity=\"1\" data-animation=\"\" data-delay=\"0\" >\n\t\t<div class=\"vc_column-inner\" >\n\t\t\t<div class=\"wpb_wrapper\">\n\t\t\t\t<div class=\"divider-wrap\" data-alignment=\"default\"><div style=\"height: 40px;\" class=\"divider\"><\/div><\/div>\n\t\t\t<\/div> \n\t\t<\/div>\n\t<\/div> \n<\/div><\/div>\n\t\t<div id=\"fws_6a09b53927d45\"  data-column-margin=\"default\" data-midnight=\"dark\"  class=\"wpb_row vc_row-fluid vc_row\"  style=\"padding-top: 0px; padding-bottom: 0px; \"><div class=\"row-bg-wrap\" data-bg-animation=\"none\" data-bg-animation-delay=\"\" data-bg-overlay=\"false\"><div class=\"inner-wrap row-bg-layer\" ><div class=\"row-bg viewport-desktop\"  style=\"\"><\/div><\/div><\/div><div class=\"row_col_wrap_12 col span_12 dark left\">\n\t<div  class=\"vc_col-sm-12 wpb_column column_container vc_column_container col no-extra-padding inherit_tablet inherit_phone \"  data-padding-pos=\"all\" data-has-bg-color=\"false\" data-bg-color=\"\" data-bg-opacity=\"1\" data-animation=\"\" data-delay=\"0\" >\n\t\t<div class=\"vc_column-inner\" >\n\t\t\t<div class=\"wpb_wrapper\">\n\t\t\t\t\n\t<div class=\"wpb_raw_code wpb_raw_js\" >\n\t\t<div class=\"wpb_wrapper\">\n\t\t\t<iframe loading=\"lazy\" src=\"https:\/\/www.google.com\/maps\/embed?pb=!1m14!1m8!1m3!1d11191.712851603164!2d-73.638792!3d45.47125!3m2!1i1024!2i768!4f13.1!3m3!1m2!1s0x0%3A0x896ac5200c2960e8!2sNDG%20Minor%20Hockey%20Association!5e0!3m2!1sen!2suk!4v1598095813733!5m2!1sen!2suk\" width=\"1920\" height=\"450\" frameborder=\"0\" style=\"border:0;\" allowfullscreen=\"\" aria-hidden=\"false\" tabindex=\"0\"><\/iframe>\n\t\t<\/div>\n\t<\/div>\n\n\t\t\t<\/div> \n\t\t<\/div>\n\t<\/div> \n<\/div><\/div>\n\t\t<div id=\"fws_6a09b53928254\"  data-column-margin=\"default\" data-midnight=\"dark\"  class=\"wpb_row vc_row-fluid vc_row\"  style=\"padding-top: 0px; padding-bottom: 0px; \"><div class=\"row-bg-wrap\" data-bg-animation=\"none\" data-bg-animation-delay=\"\" data-bg-overlay=\"false\"><div class=\"inner-wrap row-bg-layer\" ><div class=\"row-bg viewport-desktop\"  style=\"\"><\/div><\/div><\/div><div class=\"row_col_wrap_12 col span_12 dark left\">\n\t<div  class=\"vc_col-sm-12 wpb_column column_container vc_column_container col no-extra-padding inherit_tablet inherit_phone \"  data-padding-pos=\"all\" data-has-bg-color=\"false\" data-bg-color=\"\" data-bg-opacity=\"1\" data-animation=\"\" data-delay=\"0\" >\n\t\t<div class=\"vc_column-inner\" >\n\t\t\t<div class=\"wpb_wrapper\">\n\t\t\t\t<div class=\"divider-wrap\" data-alignment=\"default\"><div style=\"height: 40px;\" class=\"divider\"><\/div><\/div>\n\t\t\t<\/div> \n\t\t<\/div>\n\t<\/div> \n<\/div><\/div>\n","protected":false},"excerpt":{"rendered":"NDG Hockey Executive Brenda GallantPr\u00e9sidenteT\u00e9l\u00e9phone: (514) 647-8846Fax: (514) 647-8846Courriel: brendagallant (a) ndghockey.com Dan DroletVice-pr\u00e9sident\u00c9quipement et planificationCourriel: hurricanesmtl (a) gmail.com Jesse Shea-CowperVice PresidentGouverneurEmail: hurricanesmtl (a) gmail.com Kelly DePooterVice-pr\u00e9sidenteCourriel: kelly.depooter (a) ndghockey.com...","protected":false},"author":1,"featured_media":0,"parent":0,"menu_order":0,"comment_status":"closed","ping_status":"closed","template":"","meta":{"footnotes":""},"class_list":["post-2878","page","type-page","status-publish"],"yoast_head":"<!-- This site is optimized with the Yoast SEO plugin v27.6 - https:\/\/yoast.com\/product\/yoast-seo-wordpress\/ -->\n<title>Ex\u00e9cutif NDG - NDG Hockey League<\/title>\n<meta name=\"robots\" content=\"index, follow, max-snippet:-1, max-image-preview:large, max-video-preview:-1\" \/>\n<link rel=\"canonical\" href=\"https:\/\/www.ndghockey.com\/fr\/executif-ndg\/\" \/>\n<meta property=\"og:locale\" content=\"fr_FR\" \/>\n<meta property=\"og:type\" content=\"article\" \/>\n<meta property=\"og:title\" content=\"Ex\u00e9cutif NDG - NDG Hockey League\" \/>\n<meta property=\"og:url\" content=\"https:\/\/www.ndghockey.com\/fr\/executif-ndg\/\" \/>\n<meta property=\"og:site_name\" content=\"NDG Hockey League\" \/>\n<meta property=\"article:modified_time\" content=\"2024-09-08T22:49:48+00:00\" \/>\n<meta name=\"twitter:card\" content=\"summary_large_image\" \/>\n<meta name=\"twitter:label1\" content=\"Dur\u00e9e de lecture estim\u00e9e\" \/>\n\t<meta name=\"twitter:data1\" content=\"4 minutes\" \/>\n<script type=\"application\/ld+json\" class=\"yoast-schema-graph\">{\"@context\":\"https:\\\/\\\/schema.org\",\"@graph\":[{\"@type\":\"WebPage\",\"@id\":\"https:\\\/\\\/www.ndghockey.com\\\/fr\\\/executif-ndg\\\/\",\"url\":\"https:\\\/\\\/www.ndghockey.com\\\/fr\\\/executif-ndg\\\/\",\"name\":\"Ex\u00e9cutif NDG - NDG Hockey League\",\"isPartOf\":{\"@id\":\"https:\\\/\\\/www.ndghockey.com\\\/fr\\\/#website\"},\"datePublished\":\"2021-08-28T19:41:49+00:00\",\"dateModified\":\"2024-09-08T22:49:48+00:00\",\"breadcrumb\":{\"@id\":\"https:\\\/\\\/www.ndghockey.com\\\/fr\\\/executif-ndg\\\/#breadcrumb\"},\"inLanguage\":\"fr-FR\",\"potentialAction\":[{\"@type\":\"ReadAction\",\"target\":[\"https:\\\/\\\/www.ndghockey.com\\\/fr\\\/executif-ndg\\\/\"]}]},{\"@type\":\"BreadcrumbList\",\"@id\":\"https:\\\/\\\/www.ndghockey.com\\\/fr\\\/executif-ndg\\\/#breadcrumb\",\"itemListElement\":[{\"@type\":\"ListItem\",\"position\":1,\"name\":\"Home\",\"item\":\"https:\\\/\\\/www.ndghockey.com\\\/fr\\\/\"},{\"@type\":\"ListItem\",\"position\":2,\"name\":\"Ex\u00e9cutif NDG\"}]},{\"@type\":\"WebSite\",\"@id\":\"https:\\\/\\\/www.ndghockey.com\\\/fr\\\/#website\",\"url\":\"https:\\\/\\\/www.ndghockey.com\\\/fr\\\/\",\"name\":\"NDG Hockey League\",\"description\":\"NDG Hockey League\",\"potentialAction\":[{\"@type\":\"SearchAction\",\"target\":{\"@type\":\"EntryPoint\",\"urlTemplate\":\"https:\\\/\\\/www.ndghockey.com\\\/fr\\\/?s={search_term_string}\"},\"query-input\":{\"@type\":\"PropertyValueSpecification\",\"valueRequired\":true,\"valueName\":\"search_term_string\"}}],\"inLanguage\":\"fr-FR\"}]}<\/script>\n<!-- \/ Yoast SEO plugin. -->","yoast_head_json":{"title":"Ex\u00e9cutif NDG - NDG Hockey League","robots":{"index":"index","follow":"follow","max-snippet":"max-snippet:-1","max-image-preview":"max-image-preview:large","max-video-preview":"max-video-preview:-1"},"canonical":"https:\/\/www.ndghockey.com\/fr\/executif-ndg\/","og_locale":"fr_FR","og_type":"article","og_title":"Ex\u00e9cutif NDG - NDG Hockey League","og_url":"https:\/\/www.ndghockey.com\/fr\/executif-ndg\/","og_site_name":"NDG Hockey League","article_modified_time":"2024-09-08T22:49:48+00:00","twitter_card":"summary_large_image","twitter_misc":{"Dur\u00e9e de lecture estim\u00e9e":"4 minutes"},"schema":{"@context":"https:\/\/schema.org","@graph":[{"@type":"WebPage","@id":"https:\/\/www.ndghockey.com\/fr\/executif-ndg\/","url":"https:\/\/www.ndghockey.com\/fr\/executif-ndg\/","name":"Ex\u00e9cutif NDG - NDG Hockey League","isPartOf":{"@id":"https:\/\/www.ndghockey.com\/fr\/#website"},"datePublished":"2021-08-28T19:41:49+00:00","dateModified":"2024-09-08T22:49:48+00:00","breadcrumb":{"@id":"https:\/\/www.ndghockey.com\/fr\/executif-ndg\/#breadcrumb"},"inLanguage":"fr-FR","potentialAction":[{"@type":"ReadAction","target":["https:\/\/www.ndghockey.com\/fr\/executif-ndg\/"]}]},{"@type":"BreadcrumbList","@id":"https:\/\/www.ndghockey.com\/fr\/executif-ndg\/#breadcrumb","itemListElement":[{"@type":"ListItem","position":1,"name":"Home","item":"https:\/\/www.ndghockey.com\/fr\/"},{"@type":"ListItem","position":2,"name":"Ex\u00e9cutif NDG"}]},{"@type":"WebSite","@id":"https:\/\/www.ndghockey.com\/fr\/#website","url":"https:\/\/www.ndghockey.com\/fr\/","name":"NDG Hockey League","description":"NDG Hockey League","potentialAction":[{"@type":"SearchAction","target":{"@type":"EntryPoint","urlTemplate":"https:\/\/www.ndghockey.com\/fr\/?s={search_term_string}"},"query-input":{"@type":"PropertyValueSpecification","valueRequired":true,"valueName":"search_term_string"}}],"inLanguage":"fr-FR"}]}},"_links":{"self":[{"href":"https:\/\/www.ndghockey.com\/fr\/wp-json\/wp\/v2\/pages\/2878","targetHints":{"allow":["GET"]}}],"collection":[{"href":"https:\/\/www.ndghockey.com\/fr\/wp-json\/wp\/v2\/pages"}],"about":[{"href":"https:\/\/www.ndghockey.com\/fr\/wp-json\/wp\/v2\/types\/page"}],"author":[{"embeddable":true,"href":"https:\/\/www.ndghockey.com\/fr\/wp-json\/wp\/v2\/users\/1"}],"replies":[{"embeddable":true,"href":"https:\/\/www.ndghockey.com\/fr\/wp-json\/wp\/v2\/comments?post=2878"}],"version-history":[{"count":10,"href":"https:\/\/www.ndghockey.com\/fr\/wp-json\/wp\/v2\/pages\/2878\/revisions"}],"predecessor-version":[{"id":3895,"href":"https:\/\/www.ndghockey.com\/fr\/wp-json\/wp\/v2\/pages\/2878\/revisions\/3895"}],"wp:attachment":[{"href":"https:\/\/www.ndghockey.com\/fr\/wp-json\/wp\/v2\/media?parent=2878"}],"curies":[{"name":"wp","href":"https:\/\/api.w.org\/{rel}","templated":true}]}}