{"id":3913,"date":"2024-09-09T21:29:47","date_gmt":"2024-09-10T01:29:47","guid":{"rendered":"https:\/\/www.ndghockey.com\/?page_id=3913"},"modified":"2024-09-09T22:08:00","modified_gmt":"2024-09-10T02:08:00","slug":"dons","status":"publish","type":"page","link":"https:\/\/www.ndghockey.com\/fr\/dons\/","title":{"rendered":"Dons"},"content":{"rendered":"\n\t\t<div id=\"fws_6a09b3a7b6b42\"  data-column-margin=\"default\" data-midnight=\"dark\"  class=\"wpb_row vc_row-fluid vc_row\"  style=\"padding-top: 0px; padding-bottom: 0px; \"><div class=\"row-bg-wrap\" data-bg-animation=\"none\" data-bg-animation-delay=\"\" data-bg-overlay=\"false\"><div class=\"inner-wrap row-bg-layer\" ><div class=\"row-bg viewport-desktop\"  style=\"\"><\/div><\/div><\/div><div class=\"row_col_wrap_12 col span_12 dark left\">\n\t<div  class=\"vc_col-sm-12 wpb_column column_container vc_column_container col no-extra-padding inherit_tablet inherit_phone \"  data-padding-pos=\"all\" data-has-bg-color=\"false\" data-bg-color=\"\" data-bg-opacity=\"1\" data-animation=\"\" data-delay=\"0\" >\n\t\t<div class=\"vc_column-inner\" >\n\t\t\t<div class=\"wpb_wrapper\">\n\t\t\t\t<div class=\"divider-wrap\" data-alignment=\"default\"><div style=\"height: 40px;\" class=\"divider\"><\/div><\/div>\n\t\t\t<\/div> \n\t\t<\/div>\n\t<\/div> \n<\/div><\/div>\n\t\t<div id=\"fws_6a09b3a7b717b\"  data-column-margin=\"default\" data-midnight=\"dark\"  class=\"wpb_row vc_row-fluid vc_row\"  style=\"padding-top: 0px; padding-bottom: 0px; \"><div class=\"row-bg-wrap\" data-bg-animation=\"none\" data-bg-animation-delay=\"\" data-bg-overlay=\"false\"><div class=\"inner-wrap row-bg-layer\" ><div class=\"row-bg viewport-desktop\"  style=\"\"><\/div><\/div><\/div><div class=\"row_col_wrap_12 col span_12 dark left\">\n\t<div  class=\"vc_col-sm-4 wpb_column column_container vc_column_container col no-extra-padding inherit_tablet inherit_phone \"  data-padding-pos=\"all\" data-has-bg-color=\"false\" data-bg-color=\"\" data-bg-opacity=\"1\" data-animation=\"\" data-delay=\"0\" >\n\t\t<div class=\"vc_column-inner\" >\n\t\t\t<div class=\"wpb_wrapper\">\n\t\t\t\t<div class=\"img-with-aniamtion-wrap \" data-max-width=\"100%\" data-max-width-mobile=\"default\" data-shadow=\"none\" data-animation=\"none\" >\n      <div class=\"inner\">\n        <div class=\"hover-wrap\"> \n          <div class=\"hover-wrap-inner\">\n            <img loading=\"lazy\" decoding=\"async\" class=\"img-with-animation skip-lazy\" data-delay=\"0\" height=\"646\" width=\"800\" data-animation=\"none\" src=\"https:\/\/www.ndghockey.com\/wp-content\/uploads\/2024\/08\/ndg-hockey-logo-800.png\" alt=\"\" srcset=\"https:\/\/www.ndghockey.com\/wp-content\/uploads\/2024\/08\/ndg-hockey-logo-800.png 800w, https:\/\/www.ndghockey.com\/wp-content\/uploads\/2024\/08\/ndg-hockey-logo-800-300x242.png 300w, https:\/\/www.ndghockey.com\/wp-content\/uploads\/2024\/08\/ndg-hockey-logo-800-768x620.png 768w, https:\/\/www.ndghockey.com\/wp-content\/uploads\/2024\/08\/ndg-hockey-logo-800-128x103.png 128w, https:\/\/www.ndghockey.com\/wp-content\/uploads\/2024\/08\/ndg-hockey-logo-800-32x26.png 32w, https:\/\/www.ndghockey.com\/wp-content\/uploads\/2024\/08\/ndg-hockey-logo-800-600x485.png 600w\" sizes=\"auto, (max-width: 800px) 100vw, 800px\" \/>\n          <\/div>\n        <\/div>\n      <\/div>\n    <\/div><div class=\"img-with-aniamtion-wrap center\" data-max-width=\"100%\" data-max-width-mobile=\"default\" data-shadow=\"none\" data-animation=\"none\" >\n      <div class=\"inner\">\n        <div class=\"hover-wrap\"> \n          <div class=\"hover-wrap-inner\">\n            <img loading=\"lazy\" decoding=\"async\" class=\"img-with-animation skip-lazy\" data-delay=\"0\" height=\"420\" width=\"750\" data-animation=\"none\" src=\"https:\/\/www.ndghockey.com\/wp-content\/uploads\/2024\/09\/ndg-hockey-faites-un-don.jpg\" alt=\"\" srcset=\"https:\/\/www.ndghockey.com\/wp-content\/uploads\/2024\/09\/ndg-hockey-faites-un-don.jpg 750w, https:\/\/www.ndghockey.com\/wp-content\/uploads\/2024\/09\/ndg-hockey-faites-un-don-300x168.jpg 300w, https:\/\/www.ndghockey.com\/wp-content\/uploads\/2024\/09\/ndg-hockey-faites-un-don-600x336.jpg 600w\" sizes=\"auto, (max-width: 750px) 100vw, 750px\" \/>\n          <\/div>\n        <\/div>\n      <\/div>\n    <\/div>\n\t\t\t<\/div> \n\t\t<\/div>\n\t<\/div> \n\n\t<div  class=\"vc_col-sm-8 wpb_column column_container vc_column_container col no-extra-padding inherit_tablet inherit_phone \"  data-padding-pos=\"all\" data-has-bg-color=\"false\" data-bg-color=\"\" data-bg-opacity=\"1\" data-animation=\"\" data-delay=\"0\" >\n\t\t<div class=\"vc_column-inner\" >\n\t\t\t<div class=\"wpb_wrapper\">\n\t\t\t\t\n<div class=\"wpb_text_column wpb_content_element \" >\n\t<div class=\"wpb_wrapper\">\n\t\t<h3>aites un don pour soutenir l&#8217;avenir du hockey : Pr\u00e9servons la tradition du Hockey NDG<\/h3>\n<p>Depuis ses modestes d\u00e9buts dans les ann\u00e9es 1930, l&#8217;<strong>Association de Hockey Mineur de NDG<\/strong> a \u00e9t\u00e9 une pierre angulaire de notre communaut\u00e9, rassemblant des joueurs de tous horizons pour partager l&#8217;amour du hockey.<\/p>\n<p>Des premi\u00e8res ligues de parc g\u00e9r\u00e9es par des b\u00e9n\u00e9voles \u00e0 la formation de l&#8217;<strong>Association Sportive de NDG<\/strong>, cette organisation a prosp\u00e9r\u00e9 gr\u00e2ce au soutien ind\u00e9fectible des b\u00e9n\u00e9voles et \u00e0 l&#8217;engagement de nos joueurs et entra\u00eeneurs.<\/p>\n<p>Aujourd&#8217;hui, le hockey mineur de NDG offre \u00e0 plus de <strong>800 gar\u00e7ons et filles<\/strong> \u00e0 travers le Qu\u00e9bec l&#8217;opportunit\u00e9 de d\u00e9velopper leurs comp\u00e9tences, de tisser des amiti\u00e9s et de favoriser un sentiment de communaut\u00e9. Nos programmes de hockey double lettre ont produit des joueurs qui ont r\u00e9ussi au plus haut niveau, certains atteignant m\u00eame la <strong>LNH<\/strong>.<\/p>\n<p>Mais rien de tout cela ne serait possible sans le soutien de g\u00e9n\u00e9reux donateurs. Les dons nous aident \u00e0 maintenir la qualit\u00e9 de nos programmes, \u00e0 fournir de l&#8217;\u00e9quipement \u00e0 ceux qui en ont besoin, et \u00e0 garantir que le hockey reste accessible \u00e0 tous, quels que soient les moyens financiers. Votre soutien nous aide \u00e0 poursuivre notre mission de d\u00e9velopper la prochaine g\u00e9n\u00e9ration de joueurs de hockey, \u00e0 cr\u00e9er des souvenirs et \u00e0 inspirer un amour durable pour le jeu.<\/p>\n<p>En faisant un don \u00e0 l&#8217;Association de Hockey Mineur de NDG, vous investissez non seulement dans l&#8217;avenir du hockey, mais aussi dans les valeurs de travail d&#8217;\u00e9quipe, de d\u00e9vouement et de communaut\u00e9 qui ont d\u00e9fini notre organisation depuis pr\u00e8s d&#8217;un si\u00e8cle. Votre contribution garantit que chaque enfant, peu importe ses circonstances, a la chance de jouer, de grandir et de r\u00e9ussir sur la glace.<\/p>\n<p><strong>Rejoignez-nous pour pr\u00e9server l&#8217;esprit du hockey mineur de NDG pour les g\u00e9n\u00e9rations \u00e0 venir.<\/strong><\/p>\n\t<\/div>\n<\/div>\n\n\n\n\n\t\t\t<\/div> \n\t\t<\/div>\n\t<\/div> \n<\/div><\/div>\n\t\t<div id=\"fws_6a09b3a7b7f61\"  data-column-margin=\"default\" data-midnight=\"dark\"  class=\"wpb_row vc_row-fluid vc_row\"  style=\"padding-top: 0px; padding-bottom: 0px; \"><div class=\"row-bg-wrap\" data-bg-animation=\"none\" data-bg-animation-delay=\"\" data-bg-overlay=\"false\"><div class=\"inner-wrap row-bg-layer\" ><div class=\"row-bg viewport-desktop\"  style=\"\"><\/div><\/div><\/div><div class=\"row_col_wrap_12 col span_12 dark left\">\n\t<div  class=\"vc_col-sm-12 wpb_column column_container vc_column_container col no-extra-padding inherit_tablet inherit_phone \"  data-padding-pos=\"all\" data-has-bg-color=\"false\" data-bg-color=\"\" data-bg-opacity=\"1\" data-animation=\"\" data-delay=\"0\" >\n\t\t<div class=\"vc_column-inner\" >\n\t\t\t<div class=\"wpb_wrapper\">\n\t\t\t\t<div class=\"divider-wrap\" data-alignment=\"default\"><div style=\"height: 40px;\" class=\"divider\"><\/div><\/div>\n\t\t\t<\/div> \n\t\t<\/div>\n\t<\/div> \n<\/div><\/div>\n","protected":false},"excerpt":{"rendered":"aites un don pour soutenir l'avenir du hockey : Pr\u00e9servons la tradition du Hockey NDG Depuis ses modestes d\u00e9buts dans les ann\u00e9es 1930, l'Association de Hockey Mineur de NDG a...","protected":false},"author":1,"featured_media":3926,"parent":0,"menu_order":0,"comment_status":"closed","ping_status":"closed","template":"","meta":{"footnotes":""},"class_list":["post-3913","page","type-page","status-publish","has-post-thumbnail"],"yoast_head":"<!-- This site is optimized with the Yoast SEO plugin v27.6 - https:\/\/yoast.com\/product\/yoast-seo-wordpress\/ -->\n<title>Dons - NDG Hockey League<\/title>\n<meta name=\"description\" content=\"Faites un don par virement \u00e9lectronique pour soutenir le hockey mineur NDG et offrir aux jeunes l&#039;acc\u00e8s au sport, tout en renfor\u00e7ant notre communaut\u00e9 locale.\" \/>\n<meta name=\"robots\" content=\"index, follow, max-snippet:-1, max-image-preview:large, max-video-preview:-1\" \/>\n<link rel=\"canonical\" href=\"https:\/\/www.ndghockey.com\/fr\/dons\/\" \/>\n<meta property=\"og:locale\" content=\"fr_FR\" \/>\n<meta property=\"og:type\" content=\"article\" \/>\n<meta property=\"og:title\" content=\"Dons - NDG Hockey League\" \/>\n<meta property=\"og:description\" content=\"Faites un don par virement \u00e9lectronique pour soutenir le hockey mineur NDG et offrir aux jeunes l&#039;acc\u00e8s au sport, tout en renfor\u00e7ant notre communaut\u00e9 locale.\" \/>\n<meta property=\"og:url\" content=\"https:\/\/www.ndghockey.com\/fr\/dons\/\" \/>\n<meta property=\"og:site_name\" content=\"NDG Hockey League\" \/>\n<meta property=\"article:modified_time\" content=\"2024-09-10T02:08:00+00:00\" \/>\n<meta property=\"og:image\" content=\"https:\/\/www.ndghockey.com\/wp-content\/uploads\/2024\/09\/ndg-hockey-faites-un-don.jpg\" \/>\n\t<meta property=\"og:image:width\" content=\"750\" \/>\n\t<meta property=\"og:image:height\" content=\"420\" \/>\n\t<meta property=\"og:image:type\" content=\"image\/jpeg\" \/>\n<meta name=\"twitter:card\" content=\"summary_large_image\" \/>\n<meta name=\"twitter:label1\" content=\"Dur\u00e9e de lecture estim\u00e9e\" \/>\n\t<meta name=\"twitter:data1\" content=\"3 minutes\" \/>\n<script type=\"application\/ld+json\" class=\"yoast-schema-graph\">{\"@context\":\"https:\\\/\\\/schema.org\",\"@graph\":[{\"@type\":\"WebPage\",\"@id\":\"https:\\\/\\\/www.ndghockey.com\\\/fr\\\/dons\\\/\",\"url\":\"https:\\\/\\\/www.ndghockey.com\\\/fr\\\/dons\\\/\",\"name\":\"Dons - NDG Hockey League\",\"isPartOf\":{\"@id\":\"https:\\\/\\\/www.ndghockey.com\\\/fr\\\/#website\"},\"primaryImageOfPage\":{\"@id\":\"https:\\\/\\\/www.ndghockey.com\\\/fr\\\/dons\\\/#primaryimage\"},\"image\":{\"@id\":\"https:\\\/\\\/www.ndghockey.com\\\/fr\\\/dons\\\/#primaryimage\"},\"thumbnailUrl\":\"https:\\\/\\\/www.ndghockey.com\\\/wp-content\\\/uploads\\\/2024\\\/09\\\/ndg-hockey-faites-un-don.jpg\",\"datePublished\":\"2024-09-10T01:29:47+00:00\",\"dateModified\":\"2024-09-10T02:08:00+00:00\",\"description\":\"Faites un don par virement \u00e9lectronique pour soutenir le hockey mineur NDG et offrir aux jeunes l'acc\u00e8s au sport, tout en renfor\u00e7ant notre communaut\u00e9 locale.\",\"breadcrumb\":{\"@id\":\"https:\\\/\\\/www.ndghockey.com\\\/fr\\\/dons\\\/#breadcrumb\"},\"inLanguage\":\"fr-FR\",\"potentialAction\":[{\"@type\":\"ReadAction\",\"target\":[\"https:\\\/\\\/www.ndghockey.com\\\/fr\\\/dons\\\/\"]}]},{\"@type\":\"ImageObject\",\"inLanguage\":\"fr-FR\",\"@id\":\"https:\\\/\\\/www.ndghockey.com\\\/fr\\\/dons\\\/#primaryimage\",\"url\":\"https:\\\/\\\/www.ndghockey.com\\\/wp-content\\\/uploads\\\/2024\\\/09\\\/ndg-hockey-faites-un-don.jpg\",\"contentUrl\":\"https:\\\/\\\/www.ndghockey.com\\\/wp-content\\\/uploads\\\/2024\\\/09\\\/ndg-hockey-faites-un-don.jpg\",\"width\":750,\"height\":420},{\"@type\":\"BreadcrumbList\",\"@id\":\"https:\\\/\\\/www.ndghockey.com\\\/fr\\\/dons\\\/#breadcrumb\",\"itemListElement\":[{\"@type\":\"ListItem\",\"position\":1,\"name\":\"Home\",\"item\":\"https:\\\/\\\/www.ndghockey.com\\\/fr\\\/\"},{\"@type\":\"ListItem\",\"position\":2,\"name\":\"Dons\"}]},{\"@type\":\"WebSite\",\"@id\":\"https:\\\/\\\/www.ndghockey.com\\\/fr\\\/#website\",\"url\":\"https:\\\/\\\/www.ndghockey.com\\\/fr\\\/\",\"name\":\"NDG Hockey League\",\"description\":\"NDG Hockey League\",\"potentialAction\":[{\"@type\":\"SearchAction\",\"target\":{\"@type\":\"EntryPoint\",\"urlTemplate\":\"https:\\\/\\\/www.ndghockey.com\\\/fr\\\/?s={search_term_string}\"},\"query-input\":{\"@type\":\"PropertyValueSpecification\",\"valueRequired\":true,\"valueName\":\"search_term_string\"}}],\"inLanguage\":\"fr-FR\"}]}<\/script>\n<!-- \/ Yoast SEO plugin. -->","yoast_head_json":{"title":"Dons - NDG Hockey League","description":"Faites un don par virement \u00e9lectronique pour soutenir le hockey mineur NDG et offrir aux jeunes l'acc\u00e8s au sport, tout en renfor\u00e7ant notre communaut\u00e9 locale.","robots":{"index":"index","follow":"follow","max-snippet":"max-snippet:-1","max-image-preview":"max-image-preview:large","max-video-preview":"max-video-preview:-1"},"canonical":"https:\/\/www.ndghockey.com\/fr\/dons\/","og_locale":"fr_FR","og_type":"article","og_title":"Dons - NDG Hockey League","og_description":"Faites un don par virement \u00e9lectronique pour soutenir le hockey mineur NDG et offrir aux jeunes l'acc\u00e8s au sport, tout en renfor\u00e7ant notre communaut\u00e9 locale.","og_url":"https:\/\/www.ndghockey.com\/fr\/dons\/","og_site_name":"NDG Hockey League","article_modified_time":"2024-09-10T02:08:00+00:00","og_image":[{"width":750,"height":420,"url":"https:\/\/www.ndghockey.com\/wp-content\/uploads\/2024\/09\/ndg-hockey-faites-un-don.jpg","type":"image\/jpeg"}],"twitter_card":"summary_large_image","twitter_misc":{"Dur\u00e9e de lecture estim\u00e9e":"3 minutes"},"schema":{"@context":"https:\/\/schema.org","@graph":[{"@type":"WebPage","@id":"https:\/\/www.ndghockey.com\/fr\/dons\/","url":"https:\/\/www.ndghockey.com\/fr\/dons\/","name":"Dons - NDG Hockey League","isPartOf":{"@id":"https:\/\/www.ndghockey.com\/fr\/#website"},"primaryImageOfPage":{"@id":"https:\/\/www.ndghockey.com\/fr\/dons\/#primaryimage"},"image":{"@id":"https:\/\/www.ndghockey.com\/fr\/dons\/#primaryimage"},"thumbnailUrl":"https:\/\/www.ndghockey.com\/wp-content\/uploads\/2024\/09\/ndg-hockey-faites-un-don.jpg","datePublished":"2024-09-10T01:29:47+00:00","dateModified":"2024-09-10T02:08:00+00:00","description":"Faites un don par virement \u00e9lectronique pour soutenir le hockey mineur NDG et offrir aux jeunes l'acc\u00e8s au sport, tout en renfor\u00e7ant notre communaut\u00e9 locale.","breadcrumb":{"@id":"https:\/\/www.ndghockey.com\/fr\/dons\/#breadcrumb"},"inLanguage":"fr-FR","potentialAction":[{"@type":"ReadAction","target":["https:\/\/www.ndghockey.com\/fr\/dons\/"]}]},{"@type":"ImageObject","inLanguage":"fr-FR","@id":"https:\/\/www.ndghockey.com\/fr\/dons\/#primaryimage","url":"https:\/\/www.ndghockey.com\/wp-content\/uploads\/2024\/09\/ndg-hockey-faites-un-don.jpg","contentUrl":"https:\/\/www.ndghockey.com\/wp-content\/uploads\/2024\/09\/ndg-hockey-faites-un-don.jpg","width":750,"height":420},{"@type":"BreadcrumbList","@id":"https:\/\/www.ndghockey.com\/fr\/dons\/#breadcrumb","itemListElement":[{"@type":"ListItem","position":1,"name":"Home","item":"https:\/\/www.ndghockey.com\/fr\/"},{"@type":"ListItem","position":2,"name":"Dons"}]},{"@type":"WebSite","@id":"https:\/\/www.ndghockey.com\/fr\/#website","url":"https:\/\/www.ndghockey.com\/fr\/","name":"NDG Hockey League","description":"NDG Hockey League","potentialAction":[{"@type":"SearchAction","target":{"@type":"EntryPoint","urlTemplate":"https:\/\/www.ndghockey.com\/fr\/?s={search_term_string}"},"query-input":{"@type":"PropertyValueSpecification","valueRequired":true,"valueName":"search_term_string"}}],"inLanguage":"fr-FR"}]}},"_links":{"self":[{"href":"https:\/\/www.ndghockey.com\/fr\/wp-json\/wp\/v2\/pages\/3913","targetHints":{"allow":["GET"]}}],"collection":[{"href":"https:\/\/www.ndghockey.com\/fr\/wp-json\/wp\/v2\/pages"}],"about":[{"href":"https:\/\/www.ndghockey.com\/fr\/wp-json\/wp\/v2\/types\/page"}],"author":[{"embeddable":true,"href":"https:\/\/www.ndghockey.com\/fr\/wp-json\/wp\/v2\/users\/1"}],"replies":[{"embeddable":true,"href":"https:\/\/www.ndghockey.com\/fr\/wp-json\/wp\/v2\/comments?post=3913"}],"version-history":[{"count":3,"href":"https:\/\/www.ndghockey.com\/fr\/wp-json\/wp\/v2\/pages\/3913\/revisions"}],"predecessor-version":[{"id":3931,"href":"https:\/\/www.ndghockey.com\/fr\/wp-json\/wp\/v2\/pages\/3913\/revisions\/3931"}],"wp:featuredmedia":[{"embeddable":true,"href":"https:\/\/www.ndghockey.com\/fr\/wp-json\/wp\/v2\/media\/3926"}],"wp:attachment":[{"href":"https:\/\/www.ndghockey.com\/fr\/wp-json\/wp\/v2\/media?parent=3913"}],"curies":[{"name":"wp","href":"https:\/\/api.w.org\/{rel}","templated":true}]}}